{"id":430817,"date":"2026-04-06T06:00:38","date_gmt":"2026-04-06T06:00:38","guid":{"rendered":"https:\/\/irankiuzona.lt\/product\/galvute-3-4-52mm-sesiakampe\/"},"modified":"2026-04-14T07:21:59","modified_gmt":"2026-04-14T07:21:59","slug":"galvute-3-4-52mm-sesiakampe","status":"publish","type":"product","link":"https:\/\/irankiuzona.lt\/ru\/product\/galvute-3-4-52mm-sesiakampe\/","title":{"rendered":"Galvut\u0117 3\/4 52mm \u0161e\u0161iakamp\u0117"},"content":{"rendered":"<p>3\/4&quot; (20mm)<\/p>","protected":false},"excerpt":{"rendered":"<p>Galvut\u0117 6-kamp\u0117 | 3\/4&quot; (20 mm) | 52 mm<\/p>","protected":false},"featured_media":247330,"comment_status":"open","ping_status":"open","template":"","meta":[],"product_cat":[9522],"product_tag":[9483],"class_list":{"0":"post-430817","1":"product","2":"type-product","3":"status-publish","4":"has-post-thumbnail","6":"product_brand-yato-lenkija","7":"product_cat-3-4-20-mm-sesiakampes-galvutes","8":"product_tag-yato-lenkija","10":"first","11":"outofstock","12":"purchasable","13":"product-type-simple"},"jetpack_sharing_enabled":true,"_links":{"self":[{"href":"https:\/\/irankiuzona.lt\/ru\/wp-json\/wp\/v2\/product\/430817","targetHints":{"allow":["GET"]}}],"collection":[{"href":"https:\/\/irankiuzona.lt\/ru\/wp-json\/wp\/v2\/product"}],"about":[{"href":"https:\/\/irankiuzona.lt\/ru\/wp-json\/wp\/v2\/types\/product"}],"replies":[{"embeddable":true,"href":"https:\/\/irankiuzona.lt\/ru\/wp-json\/wp\/v2\/comments?post=430817"}],"version-history":[{"count":1,"href":"https:\/\/irankiuzona.lt\/ru\/wp-json\/wp\/v2\/product\/430817\/revisions"}],"predecessor-version":[{"id":430818,"href":"https:\/\/irankiuzona.lt\/ru\/wp-json\/wp\/v2\/product\/430817\/revisions\/430818"}],"wp:featuredmedia":[{"embeddable":true,"href":"https:\/\/irankiuzona.lt\/ru\/wp-json\/wp\/v2\/media\/247330"}],"wp:attachment":[{"href":"https:\/\/irankiuzona.lt\/ru\/wp-json\/wp\/v2\/media?parent=430817"}],"wp:term":[{"taxonomy":"product_cat","embeddable":true,"href":"https:\/\/irankiuzona.lt\/ru\/wp-json\/wp\/v2\/product_cat?post=430817"},{"taxonomy":"product_tag","embeddable":true,"href":"https:\/\/irankiuzona.lt\/ru\/wp-json\/wp\/v2\/product_tag?post=430817"}],"curies":[{"name":"wp","href":"https:\/\/api.w.org\/{rel}","templated":true}]}}