{"id":430821,"date":"2026-04-06T06:05:17","date_gmt":"2026-04-06T06:05:17","guid":{"rendered":"https:\/\/irankiuzona.lt\/product\/adapteriu-komplektas-suktukui-1-4-hex-galu-6daliu\/"},"modified":"2026-05-06T18:41:08","modified_gmt":"2026-05-06T18:41:08","slug":"adapteriu-komplektas-suktukui-1-4-hex-galu-6daliu","status":"publish","type":"product","link":"https:\/\/irankiuzona.lt\/ru\/product\/adapteriu-komplektas-suktukui-1-4-hex-galu-6daliu\/","title":{"rendered":"Adapteri\u0173 komplektas suktukui \/ 1\/4 HEX galu \/ 6dali\u0173"},"content":{"rendered":"<p>Tvirtinimas: 1\/4 (6,3mm) HEX \u0161e\u0161iakampisIlgiai: 50mm + 150mmAdapteriai galvut\u0117ms: 1\/4 + 3\/8 + 1\/2<\/p>","protected":false},"excerpt":{"rendered":"<p>Adapteri\u0173 komplektas 1\/4 + 3\/8 + 1\/2 galvut\u0117ms \/ suktukui su 1\/4 HEX tvirtinimu \/ ilgi + trumpi\u00a0<\/p>","protected":false},"featured_media":247881,"comment_status":"open","ping_status":"open","template":"","meta":[],"product_cat":[9630],"product_tag":[9483],"class_list":{"0":"post-430821","1":"product","2":"type-product","3":"status-publish","4":"has-post-thumbnail","6":"product_brand-yato-lenkija","7":"product_cat-antgaliuku-laikikliai-suktukui","8":"product_tag-yato-lenkija","10":"first","11":"outofstock","12":"purchasable","13":"product-type-simple"},"jetpack_sharing_enabled":true,"_links":{"self":[{"href":"https:\/\/irankiuzona.lt\/ru\/wp-json\/wp\/v2\/product\/430821","targetHints":{"allow":["GET"]}}],"collection":[{"href":"https:\/\/irankiuzona.lt\/ru\/wp-json\/wp\/v2\/product"}],"about":[{"href":"https:\/\/irankiuzona.lt\/ru\/wp-json\/wp\/v2\/types\/product"}],"replies":[{"embeddable":true,"href":"https:\/\/irankiuzona.lt\/ru\/wp-json\/wp\/v2\/comments?post=430821"}],"version-history":[{"count":1,"href":"https:\/\/irankiuzona.lt\/ru\/wp-json\/wp\/v2\/product\/430821\/revisions"}],"predecessor-version":[{"id":430822,"href":"https:\/\/irankiuzona.lt\/ru\/wp-json\/wp\/v2\/product\/430821\/revisions\/430822"}],"wp:featuredmedia":[{"embeddable":true,"href":"https:\/\/irankiuzona.lt\/ru\/wp-json\/wp\/v2\/media\/247881"}],"wp:attachment":[{"href":"https:\/\/irankiuzona.lt\/ru\/wp-json\/wp\/v2\/media?parent=430821"}],"wp:term":[{"taxonomy":"product_cat","embeddable":true,"href":"https:\/\/irankiuzona.lt\/ru\/wp-json\/wp\/v2\/product_cat?post=430821"},{"taxonomy":"product_tag","embeddable":true,"href":"https:\/\/irankiuzona.lt\/ru\/wp-json\/wp\/v2\/product_tag?post=430821"}],"curies":[{"name":"wp","href":"https:\/\/api.w.org\/{rel}","templated":true}]}}