{"id":430829,"date":"2026-04-06T06:21:20","date_gmt":"2026-04-06T06:21:20","guid":{"rendered":"https:\/\/irankiuzona.lt\/product\/vezimelis-kede-automechanikui-su-stalciais\/"},"modified":"2026-05-06T22:37:02","modified_gmt":"2026-05-06T22:37:02","slug":"vezimelis-kede-automechanikui-su-stalciais","status":"publish","type":"product","link":"https:\/\/irankiuzona.lt\/ru\/product\/vezimelis-kede-automechanikui-su-stalciais\/","title":{"rendered":"Ve\u017eim\u0117lis k\u0117d\u0117 automechanikui su stal\u010diais"},"content":{"rendered":"<p>Svoris-12,42 kg<\/p>","protected":false},"excerpt":{"rendered":"<p>Ve\u017eim\u0117lis k\u0117d\u0117 automechanikui su stal\u010diais<\/p>","protected":false},"featured_media":296804,"comment_status":"open","ping_status":"open","template":"","meta":[],"product_cat":[9761],"product_tag":[9810],"class_list":{"0":"post-430829","1":"product","2":"type-product","3":"status-publish","4":"has-post-thumbnail","6":"product_brand-geko-lenkija","7":"product_cat-mechaniko-gultai-kedutes","8":"product_tag-geko-lenkija","10":"first","11":"outofstock","12":"purchasable","13":"product-type-simple"},"jetpack_sharing_enabled":true,"_links":{"self":[{"href":"https:\/\/irankiuzona.lt\/ru\/wp-json\/wp\/v2\/product\/430829","targetHints":{"allow":["GET"]}}],"collection":[{"href":"https:\/\/irankiuzona.lt\/ru\/wp-json\/wp\/v2\/product"}],"about":[{"href":"https:\/\/irankiuzona.lt\/ru\/wp-json\/wp\/v2\/types\/product"}],"replies":[{"embeddable":true,"href":"https:\/\/irankiuzona.lt\/ru\/wp-json\/wp\/v2\/comments?post=430829"}],"version-history":[{"count":1,"href":"https:\/\/irankiuzona.lt\/ru\/wp-json\/wp\/v2\/product\/430829\/revisions"}],"predecessor-version":[{"id":430830,"href":"https:\/\/irankiuzona.lt\/ru\/wp-json\/wp\/v2\/product\/430829\/revisions\/430830"}],"wp:featuredmedia":[{"embeddable":true,"href":"https:\/\/irankiuzona.lt\/ru\/wp-json\/wp\/v2\/media\/296804"}],"wp:attachment":[{"href":"https:\/\/irankiuzona.lt\/ru\/wp-json\/wp\/v2\/media?parent=430829"}],"wp:term":[{"taxonomy":"product_cat","embeddable":true,"href":"https:\/\/irankiuzona.lt\/ru\/wp-json\/wp\/v2\/product_cat?post=430829"},{"taxonomy":"product_tag","embeddable":true,"href":"https:\/\/irankiuzona.lt\/ru\/wp-json\/wp\/v2\/product_tag?post=430829"}],"curies":[{"name":"wp","href":"https:\/\/api.w.org\/{rel}","templated":true}]}}