{"id":430841,"date":"2026-04-06T06:57:34","date_gmt":"2026-04-06T06:57:34","guid":{"rendered":"https:\/\/irankiuzona.lt\/product\/smuginiu-atsuktuvu-komplektas-12daliu\/"},"modified":"2026-04-17T00:42:10","modified_gmt":"2026-04-17T00:42:10","slug":"smuginiu-atsuktuvu-komplektas-12daliu","status":"publish","type":"product","link":"https:\/\/irankiuzona.lt\/ru\/product\/smuginiu-atsuktuvu-komplektas-12daliu\/","title":{"rendered":"Sm\u016bgini\u0173 atsuktuv\u0173 komplektas 12dali\u0173"},"content":{"rendered":"<p>plok\u0161ti:3.2 x 75 mm5 x 75 mm6 x 38 mm6 x 100 mm8 x 150 mm9.5 x 200 mm<br \/>\nkry\u017eminiai:PH 0 x 75 mmPH 1 x 75 mmPH 2 x 38 mmPH 2 x 100 mmPH 3 x 150 mmPH 4 x 200 mm<\/p>","protected":false},"excerpt":{"rendered":"<p>Sm\u016bgini\u0173 atsuktuv\u0173 komplektas 12dali\u0173<\/p>","protected":false},"featured_media":253286,"comment_status":"open","ping_status":"open","template":"","meta":[],"product_cat":[9569],"product_tag":[9810],"class_list":{"0":"post-430841","1":"product","2":"type-product","3":"status-publish","4":"has-post-thumbnail","6":"product_brand-geko-lenkija","7":"product_cat-smuginiai-atsuktuvai","8":"product_tag-geko-lenkija","10":"first","11":"outofstock","12":"purchasable","13":"product-type-simple"},"jetpack_sharing_enabled":true,"_links":{"self":[{"href":"https:\/\/irankiuzona.lt\/ru\/wp-json\/wp\/v2\/product\/430841","targetHints":{"allow":["GET"]}}],"collection":[{"href":"https:\/\/irankiuzona.lt\/ru\/wp-json\/wp\/v2\/product"}],"about":[{"href":"https:\/\/irankiuzona.lt\/ru\/wp-json\/wp\/v2\/types\/product"}],"replies":[{"embeddable":true,"href":"https:\/\/irankiuzona.lt\/ru\/wp-json\/wp\/v2\/comments?post=430841"}],"version-history":[{"count":1,"href":"https:\/\/irankiuzona.lt\/ru\/wp-json\/wp\/v2\/product\/430841\/revisions"}],"predecessor-version":[{"id":430842,"href":"https:\/\/irankiuzona.lt\/ru\/wp-json\/wp\/v2\/product\/430841\/revisions\/430842"}],"wp:featuredmedia":[{"embeddable":true,"href":"https:\/\/irankiuzona.lt\/ru\/wp-json\/wp\/v2\/media\/253286"}],"wp:attachment":[{"href":"https:\/\/irankiuzona.lt\/ru\/wp-json\/wp\/v2\/media?parent=430841"}],"wp:term":[{"taxonomy":"product_cat","embeddable":true,"href":"https:\/\/irankiuzona.lt\/ru\/wp-json\/wp\/v2\/product_cat?post=430841"},{"taxonomy":"product_tag","embeddable":true,"href":"https:\/\/irankiuzona.lt\/ru\/wp-json\/wp\/v2\/product_tag?post=430841"}],"curies":[{"name":"wp","href":"https:\/\/api.w.org\/{rel}","templated":true}]}}