{"id":430843,"date":"2026-04-06T07:06:52","date_gmt":"2026-04-06T07:06:52","guid":{"rendered":"https:\/\/irankiuzona.lt\/product\/gelezte-metalui-70mm\/"},"modified":"2026-04-16T22:00:15","modified_gmt":"2026-04-16T22:00:15","slug":"gelezte-metalui-70mm","status":"publish","type":"product","link":"https:\/\/irankiuzona.lt\/ru\/product\/gelezte-metalui-70mm\/","title":{"rendered":"Gele\u017et\u0117 metalui 70mm"},"content":{"rendered":"","protected":false},"excerpt":{"rendered":"<p>Gele\u017et\u0117 metalui 70mm<\/p>","protected":false},"featured_media":430845,"comment_status":"open","ping_status":"open","template":"","meta":[],"product_cat":[10013],"product_tag":[9478],"class_list":{"0":"post-430843","1":"product","2":"type-product","3":"status-publish","4":"has-post-thumbnail","6":"product_brand-leman-prancuzija","7":"product_cat-geleztes-siaurapjukliui-tiesiniam-pjuklui","8":"product_tag-leman-prancuzija","10":"first","11":"instock","12":"purchasable","13":"product-type-simple"},"jetpack_sharing_enabled":true,"_links":{"self":[{"href":"https:\/\/irankiuzona.lt\/ru\/wp-json\/wp\/v2\/product\/430843","targetHints":{"allow":["GET"]}}],"collection":[{"href":"https:\/\/irankiuzona.lt\/ru\/wp-json\/wp\/v2\/product"}],"about":[{"href":"https:\/\/irankiuzona.lt\/ru\/wp-json\/wp\/v2\/types\/product"}],"replies":[{"embeddable":true,"href":"https:\/\/irankiuzona.lt\/ru\/wp-json\/wp\/v2\/comments?post=430843"}],"version-history":[{"count":1,"href":"https:\/\/irankiuzona.lt\/ru\/wp-json\/wp\/v2\/product\/430843\/revisions"}],"predecessor-version":[{"id":430844,"href":"https:\/\/irankiuzona.lt\/ru\/wp-json\/wp\/v2\/product\/430843\/revisions\/430844"}],"wp:featuredmedia":[{"embeddable":true,"href":"https:\/\/irankiuzona.lt\/ru\/wp-json\/wp\/v2\/media\/430845"}],"wp:attachment":[{"href":"https:\/\/irankiuzona.lt\/ru\/wp-json\/wp\/v2\/media?parent=430843"}],"wp:term":[{"taxonomy":"product_cat","embeddable":true,"href":"https:\/\/irankiuzona.lt\/ru\/wp-json\/wp\/v2\/product_cat?post=430843"},{"taxonomy":"product_tag","embeddable":true,"href":"https:\/\/irankiuzona.lt\/ru\/wp-json\/wp\/v2\/product_tag?post=430843"}],"curies":[{"name":"wp","href":"https:\/\/api.w.org\/{rel}","templated":true}]}}