{"id":430846,"date":"2026-04-06T07:08:07","date_gmt":"2026-04-06T07:08:07","guid":{"rendered":"https:\/\/irankiuzona.lt\/product\/spec-galvutes-sugadintiems-varztams-3-8-metrines-colines-ilgos\/"},"modified":"2026-04-16T20:32:01","modified_gmt":"2026-04-16T20:32:01","slug":"spec-galvutes-sugadintiems-varztams-3-8-metrines-colines-ilgos","status":"publish","type":"product","link":"https:\/\/irankiuzona.lt\/ru\/product\/spec-galvutes-sugadintiems-varztams-3-8-metrines-colines-ilgos\/","title":{"rendered":"Spec. galvut\u0117s sugadintiems var\u017etams 3\/8&quot; metrin\u0117s\/colin\u0117s ilgos"},"content":{"rendered":"<p>CR-MO 3\/8&quot;(10mm),7\/16&quot;(11mm),1\/2&quot;(13mm),9\/16&quot;(14mm),5\/8&quot;(16mm)<\/p>","protected":false},"excerpt":{"rendered":"<p>Galvu\u010di\u0173 komplektas sugadintiems var\u017etams atsukti \/ metrin\u0117 ir colin\u0117 sistemos<\/p>","protected":false},"featured_media":254579,"comment_status":"open","ping_status":"open","template":"","meta":[],"product_cat":[9500],"product_tag":[9435],"class_list":{"0":"post-430846","1":"product","2":"type-product","3":"status-publish","4":"has-post-thumbnail","6":"product_brand-kinija","7":"product_cat-galvuciu-komplektai-sugadintiems-varztams","8":"product_tag-kinija","10":"first","11":"outofstock","12":"purchasable","13":"product-type-simple"},"jetpack_sharing_enabled":true,"_links":{"self":[{"href":"https:\/\/irankiuzona.lt\/ru\/wp-json\/wp\/v2\/product\/430846","targetHints":{"allow":["GET"]}}],"collection":[{"href":"https:\/\/irankiuzona.lt\/ru\/wp-json\/wp\/v2\/product"}],"about":[{"href":"https:\/\/irankiuzona.lt\/ru\/wp-json\/wp\/v2\/types\/product"}],"replies":[{"embeddable":true,"href":"https:\/\/irankiuzona.lt\/ru\/wp-json\/wp\/v2\/comments?post=430846"}],"version-history":[{"count":1,"href":"https:\/\/irankiuzona.lt\/ru\/wp-json\/wp\/v2\/product\/430846\/revisions"}],"predecessor-version":[{"id":430847,"href":"https:\/\/irankiuzona.lt\/ru\/wp-json\/wp\/v2\/product\/430846\/revisions\/430847"}],"wp:featuredmedia":[{"embeddable":true,"href":"https:\/\/irankiuzona.lt\/ru\/wp-json\/wp\/v2\/media\/254579"}],"wp:attachment":[{"href":"https:\/\/irankiuzona.lt\/ru\/wp-json\/wp\/v2\/media?parent=430846"}],"wp:term":[{"taxonomy":"product_cat","embeddable":true,"href":"https:\/\/irankiuzona.lt\/ru\/wp-json\/wp\/v2\/product_cat?post=430846"},{"taxonomy":"product_tag","embeddable":true,"href":"https:\/\/irankiuzona.lt\/ru\/wp-json\/wp\/v2\/product_tag?post=430846"}],"curies":[{"name":"wp","href":"https:\/\/api.w.org\/{rel}","templated":true}]}}