{"id":430852,"date":"2026-04-06T07:19:27","date_gmt":"2026-04-06T07:19:27","guid":{"rendered":"https:\/\/irankiuzona.lt\/product\/pjovimo-apsauga-nuo-dulkiu-m14-125mm-2\/"},"modified":"2026-05-13T16:54:55","modified_gmt":"2026-05-13T16:54:55","slug":"pjovimo-apsauga-nuo-dulkiu-m14-125mm-2","status":"publish","type":"product","link":"https:\/\/irankiuzona.lt\/ru\/product\/pjovimo-apsauga-nuo-dulkiu-m14-125mm-2\/","title":{"rendered":"Pjovimo apsauga nuo dulkiu m14 125mm"},"content":{"rendered":"<p>Reguliuojamas kampinio \u0161lifuoklio adapteris dulki\u0173 siurbliui YATO YT-82988 tinka 125mm \u012frankiams su M14 jungtimi, kuri\u0173 galia ne ma\u017eesn\u0117 nei 1200W. Dulki\u0173 siurblio jungtis 28-36mm dulki\u0173 siurbliams. Adapteris atlieka ir vagapjov\u0117s funkcij\u0105 &#8211;\u00a0leid\u017eia i\u0161pjauti tiesi\u0105 linij\u0105 ant betono, plyt\u0173, gipso ar kit\u0173 keramini\u0173 med\u017eiag\u0173 pagrindo.\u00a0<br \/>\nKampinio \u0161lifuoklio jungtis | diametras: M14 | 125mm<br \/>\nDulki\u0173 siurblio jungtis: 28-36mm<br \/>\nPjovimo plotis: 5-30mm<br \/>\nPjovimo gylis (Max.): 28mm\u00a0<br \/>\nAdapteris komplektuojamas su\u00a0redukciniais \u017eiedais, \u0161onine rankena ir metalin\u0117mis tarpin\u0117mis (5vnt.)\u00a0<\/p>","protected":false},"excerpt":{"rendered":"<p>Pjovimo apsauga nuo dulkiu m14 125mm<\/p>","protected":false},"featured_media":256159,"comment_status":"open","ping_status":"open","template":"","meta":[],"product_cat":[9648],"product_tag":[9483],"class_list":{"0":"post-430852","1":"product","2":"type-product","3":"status-publish","4":"has-post-thumbnail","6":"product_brand-yato-lenkija","7":"product_cat-kampiniai-slifuokliai","8":"product_tag-yato-lenkija","10":"first","11":"outofstock","12":"purchasable","13":"product-type-simple"},"jetpack_sharing_enabled":true,"_links":{"self":[{"href":"https:\/\/irankiuzona.lt\/ru\/wp-json\/wp\/v2\/product\/430852","targetHints":{"allow":["GET"]}}],"collection":[{"href":"https:\/\/irankiuzona.lt\/ru\/wp-json\/wp\/v2\/product"}],"about":[{"href":"https:\/\/irankiuzona.lt\/ru\/wp-json\/wp\/v2\/types\/product"}],"replies":[{"embeddable":true,"href":"https:\/\/irankiuzona.lt\/ru\/wp-json\/wp\/v2\/comments?post=430852"}],"version-history":[{"count":1,"href":"https:\/\/irankiuzona.lt\/ru\/wp-json\/wp\/v2\/product\/430852\/revisions"}],"predecessor-version":[{"id":430853,"href":"https:\/\/irankiuzona.lt\/ru\/wp-json\/wp\/v2\/product\/430852\/revisions\/430853"}],"wp:featuredmedia":[{"embeddable":true,"href":"https:\/\/irankiuzona.lt\/ru\/wp-json\/wp\/v2\/media\/256159"}],"wp:attachment":[{"href":"https:\/\/irankiuzona.lt\/ru\/wp-json\/wp\/v2\/media?parent=430852"}],"wp:term":[{"taxonomy":"product_cat","embeddable":true,"href":"https:\/\/irankiuzona.lt\/ru\/wp-json\/wp\/v2\/product_cat?post=430852"},{"taxonomy":"product_tag","embeddable":true,"href":"https:\/\/irankiuzona.lt\/ru\/wp-json\/wp\/v2\/product_tag?post=430852"}],"curies":[{"name":"wp","href":"https:\/\/api.w.org\/{rel}","templated":true}]}}