{"id":430856,"date":"2026-04-06T07:23:48","date_gmt":"2026-04-06T07:23:48","guid":{"rendered":"https:\/\/irankiuzona.lt\/product\/zvakiu-remonto-komplektas-m8-m10\/"},"modified":"2026-04-12T19:53:17","modified_gmt":"2026-04-12T19:53:17","slug":"zvakiu-remonto-komplektas-m8-m10","status":"publish","type":"product","link":"https:\/\/irankiuzona.lt\/ru\/product\/zvakiu-remonto-komplektas-m8-m10\/","title":{"rendered":"\u017dvaki\u0173 remonto komplektas M8-M10"},"content":{"rendered":"<p>Ta\u0161kinio suvirinimo pjovimo ir gr\u0119\u017eimo rinkinys M8-M10. Yra \u0161e\u0161ios dvipus\u0117s pjovimo kar\u016bn\u0117l\u0117s, trys centriniai ta\u0161kai tikslesniam gr\u0119\u017eimui, ta\u0161kinio suvirinimo pjoviklis ir 8 mm ta\u0161kinio suvirinimo gr\u0105\u017etas.<\/p>","protected":false},"excerpt":{"rendered":"<p>Ta\u0161kinio suvirinimo pjovimo ir gr\u0119\u017eimo rinkinys M8-M10. Yra \u0161e\u0161ios dvipus\u0117s pjovimo kar\u016bn\u0117l\u0117s, trys centriniai ta\u0161kai tikslesniam gr\u0119\u017eimui, ta\u0161kinio suvirinimo pjoviklis ir 8 mm ta\u0161kinio suvirinimo gr\u0105\u017etas.<\/p>","protected":false},"featured_media":430858,"comment_status":"open","ping_status":"open","template":"","meta":[],"product_cat":[9699],"product_tag":[9810],"class_list":{"0":"post-430856","1":"product","2":"type-product","3":"status-publish","4":"has-post-thumbnail","6":"product_brand-geko-lenkija","7":"product_cat-uzluzusiu-zvakiu-remontui","8":"product_tag-geko-lenkija","10":"first","11":"instock","12":"purchasable","13":"product-type-simple"},"jetpack_sharing_enabled":true,"_links":{"self":[{"href":"https:\/\/irankiuzona.lt\/ru\/wp-json\/wp\/v2\/product\/430856","targetHints":{"allow":["GET"]}}],"collection":[{"href":"https:\/\/irankiuzona.lt\/ru\/wp-json\/wp\/v2\/product"}],"about":[{"href":"https:\/\/irankiuzona.lt\/ru\/wp-json\/wp\/v2\/types\/product"}],"replies":[{"embeddable":true,"href":"https:\/\/irankiuzona.lt\/ru\/wp-json\/wp\/v2\/comments?post=430856"}],"version-history":[{"count":1,"href":"https:\/\/irankiuzona.lt\/ru\/wp-json\/wp\/v2\/product\/430856\/revisions"}],"predecessor-version":[{"id":430857,"href":"https:\/\/irankiuzona.lt\/ru\/wp-json\/wp\/v2\/product\/430856\/revisions\/430857"}],"wp:featuredmedia":[{"embeddable":true,"href":"https:\/\/irankiuzona.lt\/ru\/wp-json\/wp\/v2\/media\/430858"}],"wp:attachment":[{"href":"https:\/\/irankiuzona.lt\/ru\/wp-json\/wp\/v2\/media?parent=430856"}],"wp:term":[{"taxonomy":"product_cat","embeddable":true,"href":"https:\/\/irankiuzona.lt\/ru\/wp-json\/wp\/v2\/product_cat?post=430856"},{"taxonomy":"product_tag","embeddable":true,"href":"https:\/\/irankiuzona.lt\/ru\/wp-json\/wp\/v2\/product_tag?post=430856"}],"curies":[{"name":"wp","href":"https:\/\/api.w.org\/{rel}","templated":true}]}}