{"id":430881,"date":"2026-04-06T08:22:42","date_gmt":"2026-04-06T08:22:42","guid":{"rendered":"https:\/\/irankiuzona.lt\/product\/irankiu-vezimelis-7-stalciu-su-198-irankiais\/"},"modified":"2026-04-15T17:51:38","modified_gmt":"2026-04-15T17:51:38","slug":"irankiu-vezimelis-7-stalciu-su-198-irankiais","status":"publish","type":"product","link":"https:\/\/irankiuzona.lt\/ru\/product\/irankiu-vezimelis-7-stalciu-su-198-irankiais\/","title":{"rendered":"\u012eranki\u0173 ve\u017eim\u0117lis 7 stal\u010di\u0173 su 198 \u012frankiais"},"content":{"rendered":"<p>1 stal\u010dius:1\/4 terk\u0161l\u0117s ir galvu\u010di\u0173 komplektas, bit antgaliai (63 dali\u0173)1\/2 terk\u0161l\u0117s ir galvu\u010di\u0173 komplektas (28 dali\u0173)Sm\u016bgini\u0173 1\/2 ilg\u0173 galv\u0173 komplektas 10-32mm (15 dali\u0173)<br \/>\n2 stal\u010dius:10mm antgali\u0173 komplektas TORX, HEX, SPLINE (40 dali\u0173)Atsuktuv\u0173 komplektas PH, PZ, SL (7 dali\u0173)L-formos lenkt\u0173 TORX, HEX rakt\u0173 komplektas + kalami atsuktuvai (20 dali\u0173)<br \/>\n3 stal\u010dius:Kombinuot\u0173 rakt\u0173 komplektas 6-21mm (16 dali\u0173)Repli\u0173 komplektas (4 dali\u0173)Plaktuko ir kalt\u0173 &#8211; i\u0161kal\u0117j\u0173 komplektas (5 dali\u0173)<\/p>","protected":false},"excerpt":{"rendered":"<p>\u012eranki\u0173 ve\u017eim\u0117lis HOGERT 7 stal\u010di\u0173 su 198 \u012frankiais (3 pilnai sukomplektuoti stal\u010diai \u012franki\u0173)<\/p>","protected":false},"featured_media":263677,"comment_status":"open","ping_status":"open","template":"","meta":[],"product_cat":[9943],"product_tag":[9969],"class_list":{"0":"post-430881","1":"product","2":"type-product","3":"status-publish","4":"has-post-thumbnail","6":"product_brand-hogert-technik-vokietija","7":"product_cat-vezimeliai-irankiu-spintos","8":"product_tag-hogert-technik-vokietija","10":"first","11":"outofstock","12":"purchasable","13":"product-type-simple"},"jetpack_sharing_enabled":true,"_links":{"self":[{"href":"https:\/\/irankiuzona.lt\/ru\/wp-json\/wp\/v2\/product\/430881","targetHints":{"allow":["GET"]}}],"collection":[{"href":"https:\/\/irankiuzona.lt\/ru\/wp-json\/wp\/v2\/product"}],"about":[{"href":"https:\/\/irankiuzona.lt\/ru\/wp-json\/wp\/v2\/types\/product"}],"replies":[{"embeddable":true,"href":"https:\/\/irankiuzona.lt\/ru\/wp-json\/wp\/v2\/comments?post=430881"}],"version-history":[{"count":1,"href":"https:\/\/irankiuzona.lt\/ru\/wp-json\/wp\/v2\/product\/430881\/revisions"}],"predecessor-version":[{"id":430882,"href":"https:\/\/irankiuzona.lt\/ru\/wp-json\/wp\/v2\/product\/430881\/revisions\/430882"}],"wp:featuredmedia":[{"embeddable":true,"href":"https:\/\/irankiuzona.lt\/ru\/wp-json\/wp\/v2\/media\/263677"}],"wp:attachment":[{"href":"https:\/\/irankiuzona.lt\/ru\/wp-json\/wp\/v2\/media?parent=430881"}],"wp:term":[{"taxonomy":"product_cat","embeddable":true,"href":"https:\/\/irankiuzona.lt\/ru\/wp-json\/wp\/v2\/product_cat?post=430881"},{"taxonomy":"product_tag","embeddable":true,"href":"https:\/\/irankiuzona.lt\/ru\/wp-json\/wp\/v2\/product_tag?post=430881"}],"curies":[{"name":"wp","href":"https:\/\/api.w.org\/{rel}","templated":true}]}}