{"id":430885,"date":"2026-04-06T08:23:54","date_gmt":"2026-04-06T08:23:54","guid":{"rendered":"https:\/\/irankiuzona.lt\/product\/lekstute-tepalo-filtrui-1-2-27-36mm-6kampu\/"},"modified":"2026-04-15T06:19:40","modified_gmt":"2026-04-15T06:19:40","slug":"lekstute-tepalo-filtrui-1-2-27-36mm-6kampu","status":"publish","type":"product","link":"https:\/\/irankiuzona.lt\/ru\/product\/lekstute-tepalo-filtrui-1-2-27-36mm-6kampu\/","title":{"rendered":"L\u0117k\u0161tut\u0117 tepalo filtrui 1\/2&quot; 27\/36mm 6kamp\u0173"},"content":{"rendered":"<p>BMW,<br \/>\n\u00a0<br \/>\nMERCEDES,<br \/>\n\u00a0<br \/>\nOPEL,<br \/>\n\u00a0<br \/>\nVOLKSWAGEN<\/p>","protected":false},"excerpt":{"rendered":"<p>L\u0117k\u0161tut\u0117 tepalo filtrui 1\/2&quot; 27\/36mm 6kamp\u0173<\/p>","protected":false},"featured_media":263761,"comment_status":"open","ping_status":"open","template":"","meta":[],"product_cat":[9705],"product_tag":[9462],"class_list":{"0":"post-430885","1":"product","2":"type-product","3":"status-publish","4":"has-post-thumbnail","6":"product_brand-condor-werkzeug-vokietija","7":"product_cat-galvutes-tepalo-filtrui","8":"product_tag-condor-werkzeug-vokietija","10":"first","11":"outofstock","12":"purchasable","13":"product-type-simple"},"jetpack_sharing_enabled":true,"_links":{"self":[{"href":"https:\/\/irankiuzona.lt\/ru\/wp-json\/wp\/v2\/product\/430885","targetHints":{"allow":["GET"]}}],"collection":[{"href":"https:\/\/irankiuzona.lt\/ru\/wp-json\/wp\/v2\/product"}],"about":[{"href":"https:\/\/irankiuzona.lt\/ru\/wp-json\/wp\/v2\/types\/product"}],"replies":[{"embeddable":true,"href":"https:\/\/irankiuzona.lt\/ru\/wp-json\/wp\/v2\/comments?post=430885"}],"version-history":[{"count":1,"href":"https:\/\/irankiuzona.lt\/ru\/wp-json\/wp\/v2\/product\/430885\/revisions"}],"predecessor-version":[{"id":430886,"href":"https:\/\/irankiuzona.lt\/ru\/wp-json\/wp\/v2\/product\/430885\/revisions\/430886"}],"wp:featuredmedia":[{"embeddable":true,"href":"https:\/\/irankiuzona.lt\/ru\/wp-json\/wp\/v2\/media\/263761"}],"wp:attachment":[{"href":"https:\/\/irankiuzona.lt\/ru\/wp-json\/wp\/v2\/media?parent=430885"}],"wp:term":[{"taxonomy":"product_cat","embeddable":true,"href":"https:\/\/irankiuzona.lt\/ru\/wp-json\/wp\/v2\/product_cat?post=430885"},{"taxonomy":"product_tag","embeddable":true,"href":"https:\/\/irankiuzona.lt\/ru\/wp-json\/wp\/v2\/product_tag?post=430885"}],"curies":[{"name":"wp","href":"https:\/\/api.w.org\/{rel}","templated":true}]}}