{"id":430887,"date":"2026-04-06T08:24:15","date_gmt":"2026-04-06T08:24:15","guid":{"rendered":"https:\/\/irankiuzona.lt\/product\/dyzelio-siurblio-reguliavimo-galvutes-bosch-5vnt\/"},"modified":"2026-04-15T03:27:33","modified_gmt":"2026-04-15T03:27:33","slug":"dyzelio-siurblio-reguliavimo-galvutes-bosch-5vnt","status":"publish","type":"product","link":"https:\/\/irankiuzona.lt\/ru\/product\/dyzelio-siurblio-reguliavimo-galvutes-bosch-5vnt\/","title":{"rendered":"Dyzelio siurblio reguliavimo galvut\u0117s BOSCH 5vnt."},"content":{"rendered":"<p>1) 7 mm EDC siurbliui2) 12,6 mm Bosch VE siurbliuiSkirtas: VAG Bosch siurbliamsTrikamp\u0117 ver\u017el\u0117 skirta atlaisvinti dangtel\u012f nuo matuoklio, dvi fiksavimo ver\u017el\u0117s,<\/p>","protected":false},"excerpt":{"rendered":"<p>Dyzelio siurblio reguliavimo galvut\u0117s BOSCH 5vnt.<\/p>","protected":false},"featured_media":263779,"comment_status":"open","ping_status":"open","template":"","meta":[],"product_cat":[9825],"product_tag":[9435],"class_list":{"0":"post-430887","1":"product","2":"type-product","3":"status-publish","4":"has-post-thumbnail","6":"product_brand-kinija","7":"product_cat-irankiai-kuro-siurbliui","8":"product_tag-kinija","10":"first","11":"outofstock","12":"purchasable","13":"product-type-simple"},"jetpack_sharing_enabled":true,"_links":{"self":[{"href":"https:\/\/irankiuzona.lt\/ru\/wp-json\/wp\/v2\/product\/430887","targetHints":{"allow":["GET"]}}],"collection":[{"href":"https:\/\/irankiuzona.lt\/ru\/wp-json\/wp\/v2\/product"}],"about":[{"href":"https:\/\/irankiuzona.lt\/ru\/wp-json\/wp\/v2\/types\/product"}],"replies":[{"embeddable":true,"href":"https:\/\/irankiuzona.lt\/ru\/wp-json\/wp\/v2\/comments?post=430887"}],"version-history":[{"count":1,"href":"https:\/\/irankiuzona.lt\/ru\/wp-json\/wp\/v2\/product\/430887\/revisions"}],"predecessor-version":[{"id":430888,"href":"https:\/\/irankiuzona.lt\/ru\/wp-json\/wp\/v2\/product\/430887\/revisions\/430888"}],"wp:featuredmedia":[{"embeddable":true,"href":"https:\/\/irankiuzona.lt\/ru\/wp-json\/wp\/v2\/media\/263779"}],"wp:attachment":[{"href":"https:\/\/irankiuzona.lt\/ru\/wp-json\/wp\/v2\/media?parent=430887"}],"wp:term":[{"taxonomy":"product_cat","embeddable":true,"href":"https:\/\/irankiuzona.lt\/ru\/wp-json\/wp\/v2\/product_cat?post=430887"},{"taxonomy":"product_tag","embeddable":true,"href":"https:\/\/irankiuzona.lt\/ru\/wp-json\/wp\/v2\/product_tag?post=430887"}],"curies":[{"name":"wp","href":"https:\/\/api.w.org\/{rel}","templated":true}]}}