{"id":430889,"date":"2026-04-06T08:24:19","date_gmt":"2026-04-06T08:24:19","guid":{"rendered":"https:\/\/irankiuzona.lt\/product\/guminis-valymo-padas-100mm-trintukas\/"},"modified":"2026-04-21T18:50:01","modified_gmt":"2026-04-21T18:50:01","slug":"guminis-valymo-padas-100mm-trintukas","status":"publish","type":"product","link":"https:\/\/irankiuzona.lt\/ru\/product\/guminis-valymo-padas-100mm-trintukas\/","title":{"rendered":"Guminis valymo padas 100mm (&quot;trintukas&quot;)"},"content":{"rendered":"<p>Guminis valymo padas &#8211; tinka \u0161alinti klij\u0173 liekanas nuo lipduk\u0173, izoliacijos, rat\u0173 svareli\u0173 ir pan..<\/p>","protected":false},"excerpt":{"rendered":"<p>Guminis valymo padas 100mm (&quot;trintukas&quot;)<\/p>","protected":false},"featured_media":263782,"comment_status":"open","ping_status":"open","template":"","meta":[],"product_cat":[9529],"product_tag":[9845],"class_list":{"0":"post-430889","1":"product","2":"type-product","3":"status-publish","4":"has-post-thumbnail","6":"product_brand-vokietija-germany","7":"product_cat-irankiai-apdailos-ardymui","8":"product_tag-vokietija-germany","10":"first","11":"outofstock","12":"purchasable","13":"product-type-simple"},"jetpack_sharing_enabled":true,"_links":{"self":[{"href":"https:\/\/irankiuzona.lt\/ru\/wp-json\/wp\/v2\/product\/430889","targetHints":{"allow":["GET"]}}],"collection":[{"href":"https:\/\/irankiuzona.lt\/ru\/wp-json\/wp\/v2\/product"}],"about":[{"href":"https:\/\/irankiuzona.lt\/ru\/wp-json\/wp\/v2\/types\/product"}],"replies":[{"embeddable":true,"href":"https:\/\/irankiuzona.lt\/ru\/wp-json\/wp\/v2\/comments?post=430889"}],"version-history":[{"count":1,"href":"https:\/\/irankiuzona.lt\/ru\/wp-json\/wp\/v2\/product\/430889\/revisions"}],"predecessor-version":[{"id":430890,"href":"https:\/\/irankiuzona.lt\/ru\/wp-json\/wp\/v2\/product\/430889\/revisions\/430890"}],"wp:featuredmedia":[{"embeddable":true,"href":"https:\/\/irankiuzona.lt\/ru\/wp-json\/wp\/v2\/media\/263782"}],"wp:attachment":[{"href":"https:\/\/irankiuzona.lt\/ru\/wp-json\/wp\/v2\/media?parent=430889"}],"wp:term":[{"taxonomy":"product_cat","embeddable":true,"href":"https:\/\/irankiuzona.lt\/ru\/wp-json\/wp\/v2\/product_cat?post=430889"},{"taxonomy":"product_tag","embeddable":true,"href":"https:\/\/irankiuzona.lt\/ru\/wp-json\/wp\/v2\/product_tag?post=430889"}],"curies":[{"name":"wp","href":"https:\/\/api.w.org\/{rel}","templated":true}]}}