{"id":430896,"date":"2026-04-06T08:26:15","date_gmt":"2026-04-06T08:26:15","guid":{"rendered":"https:\/\/irankiuzona.lt\/product\/guoliu-nuemeju-irankiu-komplektas-4\/"},"modified":"2026-04-21T21:55:50","modified_gmt":"2026-04-21T21:55:50","slug":"guoliu-nuemeju-irankiu-komplektas-4","status":"publish","type":"product","link":"https:\/\/irankiuzona.lt\/ru\/product\/guoliu-nuemeju-irankiu-komplektas-4\/","title":{"rendered":"Guoli\u0173 nu\u0117m\u0117j\u0173 \u012franki\u0173 komplektas"},"content":{"rendered":"<p>30mm-50mm ir 50mm-75mm nu\u0117m\u0117jai<br \/>\nVar\u017etas 9\/16&quot; auk\u0161tis 175mm<br \/>\n4 vnt. HEX kai\u0161\u010diai 17mm 3\/8&quot; auk\u0161tis 127mm<br \/>\n4 vnt. HEX kai\u0161\u010diai 14 mm 3\/8&quot; auk\u0161tis 102 mm<\/p>","protected":false},"excerpt":{"rendered":"<p>Guoli\u0173 nu\u0117m\u0117j\u0173 \u012franki\u0173 komplektas<\/p>","protected":false},"featured_media":263906,"comment_status":"open","ping_status":"open","template":"","meta":[],"product_cat":[9770],"product_tag":[10130],"class_list":{"0":"post-430896","1":"product","2":"type-product","3":"status-publish","4":"has-post-thumbnail","6":"product_brand-satra-lenkija","7":"product_cat-guoliu-nuemimo-komplektai","8":"product_tag-satra-lenkija","10":"first","11":"instock","12":"purchasable","13":"product-type-simple"},"jetpack_sharing_enabled":true,"_links":{"self":[{"href":"https:\/\/irankiuzona.lt\/ru\/wp-json\/wp\/v2\/product\/430896","targetHints":{"allow":["GET"]}}],"collection":[{"href":"https:\/\/irankiuzona.lt\/ru\/wp-json\/wp\/v2\/product"}],"about":[{"href":"https:\/\/irankiuzona.lt\/ru\/wp-json\/wp\/v2\/types\/product"}],"replies":[{"embeddable":true,"href":"https:\/\/irankiuzona.lt\/ru\/wp-json\/wp\/v2\/comments?post=430896"}],"version-history":[{"count":1,"href":"https:\/\/irankiuzona.lt\/ru\/wp-json\/wp\/v2\/product\/430896\/revisions"}],"predecessor-version":[{"id":430897,"href":"https:\/\/irankiuzona.lt\/ru\/wp-json\/wp\/v2\/product\/430896\/revisions\/430897"}],"wp:featuredmedia":[{"embeddable":true,"href":"https:\/\/irankiuzona.lt\/ru\/wp-json\/wp\/v2\/media\/263906"}],"wp:attachment":[{"href":"https:\/\/irankiuzona.lt\/ru\/wp-json\/wp\/v2\/media?parent=430896"}],"wp:term":[{"taxonomy":"product_cat","embeddable":true,"href":"https:\/\/irankiuzona.lt\/ru\/wp-json\/wp\/v2\/product_cat?post=430896"},{"taxonomy":"product_tag","embeddable":true,"href":"https:\/\/irankiuzona.lt\/ru\/wp-json\/wp\/v2\/product_tag?post=430896"}],"curies":[{"name":"wp","href":"https:\/\/api.w.org\/{rel}","templated":true}]}}