{"id":430904,"date":"2026-04-06T09:21:18","date_gmt":"2026-04-06T09:21:18","guid":{"rendered":"https:\/\/irankiuzona.lt\/product\/smugine-galvute-3-4-e24-e-profil-2\/"},"modified":"2026-04-06T23:31:03","modified_gmt":"2026-04-06T23:31:03","slug":"smugine-galvute-3-4-e24-e-profil-2","status":"publish","type":"product","link":"https:\/\/irankiuzona.lt\/ru\/product\/smugine-galvute-3-4-e24-e-profil-2\/","title":{"rendered":"Sm\u016bgin\u0117 galvut\u0117 3\/4&quot; E24 (E-profil)"},"content":{"rendered":"<p>Galvut\u0117 Cr-Mo E24 3\/4&quot;<\/p>","protected":false},"excerpt":{"rendered":"<p>Sm\u016bgin\u0117 galvut\u0117 3\/4&quot; E24 (E-profil)<\/p>","protected":false},"featured_media":268235,"comment_status":"open","ping_status":"open","template":"","meta":[],"product_cat":[9743],"product_tag":[10151],"class_list":{"0":"post-430904","1":"product","2":"type-product","3":"status-publish","4":"has-post-thumbnail","6":"product_brand-lenkija-tiekejas","7":"product_cat-cr-mo-smugines-galvutes-e-profil-torx","8":"product_tag-lenkija-tiekejas","10":"first","11":"instock","12":"purchasable","13":"product-type-simple"},"jetpack_sharing_enabled":true,"_links":{"self":[{"href":"https:\/\/irankiuzona.lt\/ru\/wp-json\/wp\/v2\/product\/430904","targetHints":{"allow":["GET"]}}],"collection":[{"href":"https:\/\/irankiuzona.lt\/ru\/wp-json\/wp\/v2\/product"}],"about":[{"href":"https:\/\/irankiuzona.lt\/ru\/wp-json\/wp\/v2\/types\/product"}],"replies":[{"embeddable":true,"href":"https:\/\/irankiuzona.lt\/ru\/wp-json\/wp\/v2\/comments?post=430904"}],"version-history":[{"count":0,"href":"https:\/\/irankiuzona.lt\/ru\/wp-json\/wp\/v2\/product\/430904\/revisions"}],"wp:featuredmedia":[{"embeddable":true,"href":"https:\/\/irankiuzona.lt\/ru\/wp-json\/wp\/v2\/media\/268235"}],"wp:attachment":[{"href":"https:\/\/irankiuzona.lt\/ru\/wp-json\/wp\/v2\/media?parent=430904"}],"wp:term":[{"taxonomy":"product_cat","embeddable":true,"href":"https:\/\/irankiuzona.lt\/ru\/wp-json\/wp\/v2\/product_cat?post=430904"},{"taxonomy":"product_tag","embeddable":true,"href":"https:\/\/irankiuzona.lt\/ru\/wp-json\/wp\/v2\/product_tag?post=430904"}],"curies":[{"name":"wp","href":"https:\/\/api.w.org\/{rel}","templated":true}]}}