{"id":430920,"date":"2026-04-06T09:55:11","date_gmt":"2026-04-06T09:55:11","guid":{"rendered":"https:\/\/irankiuzona.lt\/product\/sepetys-minksta-viela-inox-drelei-50mm\/"},"modified":"2026-04-21T22:56:02","modified_gmt":"2026-04-21T22:56:02","slug":"sepetys-minksta-viela-inox-drelei-50mm","status":"publish","type":"product","link":"https:\/\/irankiuzona.lt\/ru\/product\/sepetys-minksta-viela-inox-drelei-50mm\/","title":{"rendered":"\u0160epetys mink\u0161ta viela inox dr\u0117lei 50mm"},"content":{"rendered":"<p>pagaminta i\u0161 auk\u0161tos kokyb\u0117s med\u017eiag\u0173 efektyvus ir patvarus vielos tvirtinimas, sutvirtintas plieniniais \u017eiedais skirtas metalo ir ner\u016bdijan\u010dio plieno apdirbimui, da\u017e\u0173 dang\u0173 ir r\u016bd\u017ei\u0173 nuos\u0117d\u0173 \u0161alinimui gofruota viela i\u0161 INOX plieno \u0161epe\u010dio skersmuo: 50 mm kotelio skersmuo: 6 mm maks. apsisukimai: 4500 aps.\/min.<\/p>","protected":false},"excerpt":{"rendered":"<p>Diskinis \u0161epetys su kotu | ner\u016bdijantis plienas | INOX | 50 mm<\/p>","protected":false},"featured_media":427670,"comment_status":"open","ping_status":"open","template":"","meta":[],"product_cat":[9450],"product_tag":[9483],"class_list":{"0":"post-430920","1":"product","2":"type-product","3":"status-publish","4":"has-post-thumbnail","6":"product_brand-yato-lenkija","7":"product_cat-sepeciai-greztuvui-slif-pj-irankiui","8":"product_tag-yato-lenkija","10":"first","11":"instock","12":"purchasable","13":"product-type-simple"},"jetpack_sharing_enabled":true,"_links":{"self":[{"href":"https:\/\/irankiuzona.lt\/ru\/wp-json\/wp\/v2\/product\/430920","targetHints":{"allow":["GET"]}}],"collection":[{"href":"https:\/\/irankiuzona.lt\/ru\/wp-json\/wp\/v2\/product"}],"about":[{"href":"https:\/\/irankiuzona.lt\/ru\/wp-json\/wp\/v2\/types\/product"}],"replies":[{"embeddable":true,"href":"https:\/\/irankiuzona.lt\/ru\/wp-json\/wp\/v2\/comments?post=430920"}],"version-history":[{"count":1,"href":"https:\/\/irankiuzona.lt\/ru\/wp-json\/wp\/v2\/product\/430920\/revisions"}],"predecessor-version":[{"id":430921,"href":"https:\/\/irankiuzona.lt\/ru\/wp-json\/wp\/v2\/product\/430920\/revisions\/430921"}],"wp:featuredmedia":[{"embeddable":true,"href":"https:\/\/irankiuzona.lt\/ru\/wp-json\/wp\/v2\/media\/427670"}],"wp:attachment":[{"href":"https:\/\/irankiuzona.lt\/ru\/wp-json\/wp\/v2\/media?parent=430920"}],"wp:term":[{"taxonomy":"product_cat","embeddable":true,"href":"https:\/\/irankiuzona.lt\/ru\/wp-json\/wp\/v2\/product_cat?post=430920"},{"taxonomy":"product_tag","embeddable":true,"href":"https:\/\/irankiuzona.lt\/ru\/wp-json\/wp\/v2\/product_tag?post=430920"}],"curies":[{"name":"wp","href":"https:\/\/api.w.org\/{rel}","templated":true}]}}