{"id":430924,"date":"2026-04-06T10:02:06","date_gmt":"2026-04-06T10:02:06","guid":{"rendered":"https:\/\/irankiuzona.lt\/product\/variklio-fiksatorius-vag-ea211-velenelio-fazei\/"},"modified":"2026-04-22T04:06:23","modified_gmt":"2026-04-22T04:06:23","slug":"variklio-fiksatorius-vag-ea211-velenelio-fazei","status":"publish","type":"product","link":"https:\/\/irankiuzona.lt\/ru\/product\/variklio-fiksatorius-vag-ea211-velenelio-fazei\/","title":{"rendered":"Variklio fiksatorius VAG EA211 velen\u0117lio fazei***"},"content":{"rendered":"<p>Skirstomojo veleno \u017evaig\u017edut\u0117s laikymo adapteris skirstomojo veleno reguliatoriui, VAG \/ Ford<\/p>\n<p>1,0 ir 1,5 l (EA 211 Evo) benzininiams varikliams<br \/>\nbeveik visuose Audi, Seat, Skoda ir VW grup\u0117s automobiliuose<br \/>\nFord Tourneo Connect (V761) ir Transit Connect (V761) modeliuose<br \/>\nskirtas skirstomojo veleno \u017evaig\u017edutei ir skirstomojo veleno reguliatoriui laikyti<br \/>\natlaisvinant ir priver\u017eiant tvirtinimo var\u017et\u0105<\/p>","protected":false},"excerpt":{"rendered":"<p>Skirstomojo veleno \u017evaig\u017edut\u0117s laikymo adapteris skirstomojo veleno reguliatoriui, VAG \/ Ford<\/p>","protected":false},"featured_media":430328,"comment_status":"open","ping_status":"open","template":"","meta":[],"product_cat":[9543],"product_tag":[9462],"class_list":{"0":"post-430924","1":"product","2":"type-product","3":"status-publish","4":"has-post-thumbnail","6":"product_brand-condor-werkzeug-vokietija","7":"product_cat-vag-vw-skoda-blokatoriai","8":"product_tag-condor-werkzeug-vokietija","10":"first","11":"instock","12":"purchasable","13":"product-type-simple"},"jetpack_sharing_enabled":true,"_links":{"self":[{"href":"https:\/\/irankiuzona.lt\/ru\/wp-json\/wp\/v2\/product\/430924","targetHints":{"allow":["GET"]}}],"collection":[{"href":"https:\/\/irankiuzona.lt\/ru\/wp-json\/wp\/v2\/product"}],"about":[{"href":"https:\/\/irankiuzona.lt\/ru\/wp-json\/wp\/v2\/types\/product"}],"replies":[{"embeddable":true,"href":"https:\/\/irankiuzona.lt\/ru\/wp-json\/wp\/v2\/comments?post=430924"}],"version-history":[{"count":1,"href":"https:\/\/irankiuzona.lt\/ru\/wp-json\/wp\/v2\/product\/430924\/revisions"}],"predecessor-version":[{"id":430925,"href":"https:\/\/irankiuzona.lt\/ru\/wp-json\/wp\/v2\/product\/430924\/revisions\/430925"}],"wp:featuredmedia":[{"embeddable":true,"href":"https:\/\/irankiuzona.lt\/ru\/wp-json\/wp\/v2\/media\/430328"}],"wp:attachment":[{"href":"https:\/\/irankiuzona.lt\/ru\/wp-json\/wp\/v2\/media?parent=430924"}],"wp:term":[{"taxonomy":"product_cat","embeddable":true,"href":"https:\/\/irankiuzona.lt\/ru\/wp-json\/wp\/v2\/product_cat?post=430924"},{"taxonomy":"product_tag","embeddable":true,"href":"https:\/\/irankiuzona.lt\/ru\/wp-json\/wp\/v2\/product_tag?post=430924"}],"curies":[{"name":"wp","href":"https:\/\/api.w.org\/{rel}","templated":true}]}}