{"id":430926,"date":"2026-04-06T10:06:12","date_gmt":"2026-04-06T10:06:12","guid":{"rendered":"https:\/\/irankiuzona.lt\/product\/padai-su-smeigais-vejai-vedinti\/"},"modified":"2026-04-21T21:04:50","modified_gmt":"2026-04-21T21:04:50","slug":"padai-su-smeigais-vejai-vedinti","status":"publish","type":"product","link":"https:\/\/irankiuzona.lt\/ru\/product\/padai-su-smeigais-vejai-vedinti\/","title":{"rendered":"Padai su smeigais, vejai v\u0117dinti"},"content":{"rendered":"<p>Padas pagamintas i\u0161 plastiko. Storis 6 mm, ilgis maks. 30 cm, plotis maks. 13,5 cm. Jis turi 40 mm kulno atram\u0105, kad batas neslyst\u0173. \u012e pad\u0105 \u012fsukama 13 x 6 mm skersmens smaig\u0173, vir\u0161utin\u0117je dalyje jie \u012fsriegti ir pritvirtinti ver\u017ele. Spygliuk\u0173 auk\u0161tis po padu 45 mm. Jis taip pat turi i\u0161pjovas tvirtinimo dir\u017eeliui pritvirtinti kulno ir pir\u0161to pus\u0117je. Komplekte du tekstiliniai dir\u017eeliai su plastikine sagtimi, juosteli\u0173 ilgis apie 50 cm, plotis 25 mm.<\/p>","protected":false},"excerpt":{"rendered":"<p>Bat\u0173 antpad\u017eiai-padai su smeigais, vejai ir \u017eemei v\u0117dinti<\/p>","protected":false},"featured_media":400966,"comment_status":"open","ping_status":"open","template":"","meta":[],"product_cat":[9944],"product_tag":[9483],"class_list":{"0":"post-430926","1":"product","2":"type-product","3":"status-publish","4":"has-post-thumbnail","6":"product_brand-yato-lenkija","7":"product_cat-sodo-darzo-irankiai","8":"product_tag-yato-lenkija","10":"first","11":"outofstock","12":"purchasable","13":"product-type-simple"},"jetpack_sharing_enabled":true,"_links":{"self":[{"href":"https:\/\/irankiuzona.lt\/ru\/wp-json\/wp\/v2\/product\/430926","targetHints":{"allow":["GET"]}}],"collection":[{"href":"https:\/\/irankiuzona.lt\/ru\/wp-json\/wp\/v2\/product"}],"about":[{"href":"https:\/\/irankiuzona.lt\/ru\/wp-json\/wp\/v2\/types\/product"}],"replies":[{"embeddable":true,"href":"https:\/\/irankiuzona.lt\/ru\/wp-json\/wp\/v2\/comments?post=430926"}],"version-history":[{"count":1,"href":"https:\/\/irankiuzona.lt\/ru\/wp-json\/wp\/v2\/product\/430926\/revisions"}],"predecessor-version":[{"id":430927,"href":"https:\/\/irankiuzona.lt\/ru\/wp-json\/wp\/v2\/product\/430926\/revisions\/430927"}],"wp:featuredmedia":[{"embeddable":true,"href":"https:\/\/irankiuzona.lt\/ru\/wp-json\/wp\/v2\/media\/400966"}],"wp:attachment":[{"href":"https:\/\/irankiuzona.lt\/ru\/wp-json\/wp\/v2\/media?parent=430926"}],"wp:term":[{"taxonomy":"product_cat","embeddable":true,"href":"https:\/\/irankiuzona.lt\/ru\/wp-json\/wp\/v2\/product_cat?post=430926"},{"taxonomy":"product_tag","embeddable":true,"href":"https:\/\/irankiuzona.lt\/ru\/wp-json\/wp\/v2\/product_tag?post=430926"}],"curies":[{"name":"wp","href":"https:\/\/api.w.org\/{rel}","templated":true}]}}