{"id":430928,"date":"2026-04-06T10:06:16","date_gmt":"2026-04-06T10:06:16","guid":{"rendered":"https:\/\/irankiuzona.lt\/product\/rankinis-zemes-grunto-lygintuvas-greideris-80x30cm\/"},"modified":"2026-04-21T16:58:20","modified_gmt":"2026-04-21T16:58:20","slug":"rankinis-zemes-grunto-lygintuvas-greideris-80x30cm","status":"publish","type":"product","link":"https:\/\/irankiuzona.lt\/ru\/product\/rankinis-zemes-grunto-lygintuvas-greideris-80x30cm\/","title":{"rendered":"Rankinis \u017eem\u0117s\/grunto lygintuvas, greideris, 80x30cm"},"content":{"rendered":"<p>Rankinis lygintuvas, skirtas \u017eemei i\u0161lyginti, pvz. vejai ar sodo tvarkymui.darbin\u0117s dalies matmenys: 800 x 300 mmdarbin\u0117s dalies auk\u0161tis: 66 mmkampinio strypo matmenys: 33 x 33 mmkampinio strypo storis: 3 mmbendras svoris: 8 kgdarbin\u0117s dalies med\u017eiaga: plienas S235bendras ilgis (su rankena): 1035 mmrankenos ilgis: 1000 mmrankenos plotis: 500 mmrankenos skersmuo: 32 mmrankenos sienel\u0117s storis: 1,5 mmvar\u017etais tvirtinamas laikiklis: M6<\/p>","protected":false},"excerpt":{"rendered":"<p>\u017dem\u0117s ir grunto lyginimo \u012frankis &#8211; rankinis gr\u0117blys-greideris, 80x30cm<\/p>","protected":false},"featured_media":400972,"comment_status":"open","ping_status":"open","template":"","meta":[],"product_cat":[9944],"product_tag":[9483],"class_list":{"0":"post-430928","1":"product","2":"type-product","3":"status-publish","4":"has-post-thumbnail","6":"product_brand-yato-lenkija","7":"product_cat-sodo-darzo-irankiai","8":"product_tag-yato-lenkija","10":"first","11":"outofstock","12":"purchasable","13":"product-type-simple"},"jetpack_sharing_enabled":true,"_links":{"self":[{"href":"https:\/\/irankiuzona.lt\/ru\/wp-json\/wp\/v2\/product\/430928","targetHints":{"allow":["GET"]}}],"collection":[{"href":"https:\/\/irankiuzona.lt\/ru\/wp-json\/wp\/v2\/product"}],"about":[{"href":"https:\/\/irankiuzona.lt\/ru\/wp-json\/wp\/v2\/types\/product"}],"replies":[{"embeddable":true,"href":"https:\/\/irankiuzona.lt\/ru\/wp-json\/wp\/v2\/comments?post=430928"}],"version-history":[{"count":1,"href":"https:\/\/irankiuzona.lt\/ru\/wp-json\/wp\/v2\/product\/430928\/revisions"}],"predecessor-version":[{"id":430929,"href":"https:\/\/irankiuzona.lt\/ru\/wp-json\/wp\/v2\/product\/430928\/revisions\/430929"}],"wp:featuredmedia":[{"embeddable":true,"href":"https:\/\/irankiuzona.lt\/ru\/wp-json\/wp\/v2\/media\/400972"}],"wp:attachment":[{"href":"https:\/\/irankiuzona.lt\/ru\/wp-json\/wp\/v2\/media?parent=430928"}],"wp:term":[{"taxonomy":"product_cat","embeddable":true,"href":"https:\/\/irankiuzona.lt\/ru\/wp-json\/wp\/v2\/product_cat?post=430928"},{"taxonomy":"product_tag","embeddable":true,"href":"https:\/\/irankiuzona.lt\/ru\/wp-json\/wp\/v2\/product_tag?post=430928"}],"curies":[{"name":"wp","href":"https:\/\/api.w.org\/{rel}","templated":true}]}}