{"id":430930,"date":"2026-04-06T10:14:43","date_gmt":"2026-04-06T10:14:43","guid":{"rendered":"https:\/\/irankiuzona.lt\/product\/ratu-priputimo-pistoletas-su-manometru\/"},"modified":"2026-04-15T21:15:00","modified_gmt":"2026-04-15T21:15:00","slug":"ratu-priputimo-pistoletas-su-manometru","status":"publish","type":"product","link":"https:\/\/irankiuzona.lt\/ru\/product\/ratu-priputimo-pistoletas-su-manometru\/","title":{"rendered":"Rat\u0173 prip\u016btimo pistoletas su manometru"},"content":{"rendered":"<p>Profesionalus YATO pistoletas su manometru ratams prip\u016bsti.<br \/>\n Pistoleto korpusas padengtas neslystan\u010diamed\u017eiaga<br \/>\nManometras pritvirtintas guminiu korpusu.<br \/>\n\u017darnos ilgis 40 cm,<br \/>\nMaks. darbinis sl\u0117gis 0,6 MPa,<\/p>","protected":false},"excerpt":{"rendered":"<p>Rat\u0173 prip\u016btimo pistoletas su manometru profi<\/p>","protected":false},"featured_media":427739,"comment_status":"open","ping_status":"open","template":"","meta":[],"product_cat":[9472],"product_tag":[9483],"class_list":{"0":"post-430930","1":"product","2":"type-product","3":"status-publish","4":"has-post-thumbnail","6":"product_brand-yato-lenkija","7":"product_cat-pistoletai-padangu-putimui","8":"product_tag-yato-lenkija","10":"first","11":"instock","12":"purchasable","13":"product-type-simple"},"jetpack_sharing_enabled":true,"_links":{"self":[{"href":"https:\/\/irankiuzona.lt\/ru\/wp-json\/wp\/v2\/product\/430930","targetHints":{"allow":["GET"]}}],"collection":[{"href":"https:\/\/irankiuzona.lt\/ru\/wp-json\/wp\/v2\/product"}],"about":[{"href":"https:\/\/irankiuzona.lt\/ru\/wp-json\/wp\/v2\/types\/product"}],"replies":[{"embeddable":true,"href":"https:\/\/irankiuzona.lt\/ru\/wp-json\/wp\/v2\/comments?post=430930"}],"version-history":[{"count":1,"href":"https:\/\/irankiuzona.lt\/ru\/wp-json\/wp\/v2\/product\/430930\/revisions"}],"predecessor-version":[{"id":430931,"href":"https:\/\/irankiuzona.lt\/ru\/wp-json\/wp\/v2\/product\/430930\/revisions\/430931"}],"wp:featuredmedia":[{"embeddable":true,"href":"https:\/\/irankiuzona.lt\/ru\/wp-json\/wp\/v2\/media\/427739"}],"wp:attachment":[{"href":"https:\/\/irankiuzona.lt\/ru\/wp-json\/wp\/v2\/media?parent=430930"}],"wp:term":[{"taxonomy":"product_cat","embeddable":true,"href":"https:\/\/irankiuzona.lt\/ru\/wp-json\/wp\/v2\/product_cat?post=430930"},{"taxonomy":"product_tag","embeddable":true,"href":"https:\/\/irankiuzona.lt\/ru\/wp-json\/wp\/v2\/product_tag?post=430930"}],"curies":[{"name":"wp","href":"https:\/\/api.w.org\/{rel}","templated":true}]}}