{"id":430932,"date":"2026-04-06T10:34:56","date_gmt":"2026-04-06T10:34:56","guid":{"rendered":"https:\/\/irankiuzona.lt\/product\/honingavimo-irankiai-14vnt-20-89mm\/"},"modified":"2026-04-21T18:07:53","modified_gmt":"2026-04-21T18:07:53","slug":"honingavimo-irankiai-14vnt-20-89mm","status":"publish","type":"product","link":"https:\/\/irankiuzona.lt\/ru\/product\/honingavimo-irankiai-14vnt-20-89mm\/","title":{"rendered":"Honingavimo \u012frankiai 14vnt. (20-89mm)"},"content":{"rendered":"<p>Cilindro skersmuo 20-50, 25-70, 32-89 mm<br \/>\nGalano dydis 28&#215;5, 50&#215;7 mm<br \/>\nGalano med\u017eiaga silicio karbidas<br \/>\nGalano kiekis 11<br \/>\nGr\u016bd\u0117tumas P220 Lankstus taip<br \/>\nVnt. 14 Komplekte yra dviej\u0173 svir\u010di\u0173 galandimo stakl\u0117s su akmenimis (28&#215;5 mm P220), pakaitinis rinkinys su 3 ma\u017eomis svirtimis, kei\u010diamas rinkinys su 3 vidutinio dyd\u017eio svirtimis, pakaitinis akmenys x9 (28&#215;5 mm P220 x6, 50&#215;7 mm P220 x3), Komplekte yra t\u0119sinys spyruokl\u0117, sl\u0117ginis plovimo \u012frenginys Taikymas cilindrams<\/p>","protected":false},"excerpt":{"rendered":"<p>Rinkinys cilindr\u0173 honingavimui | 20-50 | 25-70 | 32-89 mm | 14 vnt.<\/p>","protected":false},"featured_media":429668,"comment_status":"open","ping_status":"open","template":"","meta":[],"product_cat":[9555],"product_tag":[9483],"class_list":{"0":"post-430932","1":"product","2":"type-product","3":"status-publish","4":"has-post-thumbnail","6":"product_brand-yato-lenkija","7":"product_cat-irankiai-honingavimui-slifavimui","8":"product_tag-yato-lenkija","10":"first","11":"outofstock","12":"purchasable","13":"product-type-simple"},"jetpack_sharing_enabled":true,"_links":{"self":[{"href":"https:\/\/irankiuzona.lt\/ru\/wp-json\/wp\/v2\/product\/430932","targetHints":{"allow":["GET"]}}],"collection":[{"href":"https:\/\/irankiuzona.lt\/ru\/wp-json\/wp\/v2\/product"}],"about":[{"href":"https:\/\/irankiuzona.lt\/ru\/wp-json\/wp\/v2\/types\/product"}],"replies":[{"embeddable":true,"href":"https:\/\/irankiuzona.lt\/ru\/wp-json\/wp\/v2\/comments?post=430932"}],"version-history":[{"count":1,"href":"https:\/\/irankiuzona.lt\/ru\/wp-json\/wp\/v2\/product\/430932\/revisions"}],"predecessor-version":[{"id":430933,"href":"https:\/\/irankiuzona.lt\/ru\/wp-json\/wp\/v2\/product\/430932\/revisions\/430933"}],"wp:featuredmedia":[{"embeddable":true,"href":"https:\/\/irankiuzona.lt\/ru\/wp-json\/wp\/v2\/media\/429668"}],"wp:attachment":[{"href":"https:\/\/irankiuzona.lt\/ru\/wp-json\/wp\/v2\/media?parent=430932"}],"wp:term":[{"taxonomy":"product_cat","embeddable":true,"href":"https:\/\/irankiuzona.lt\/ru\/wp-json\/wp\/v2\/product_cat?post=430932"},{"taxonomy":"product_tag","embeddable":true,"href":"https:\/\/irankiuzona.lt\/ru\/wp-json\/wp\/v2\/product_tag?post=430932"}],"curies":[{"name":"wp","href":"https:\/\/api.w.org\/{rel}","templated":true}]}}