{"id":430936,"date":"2026-04-06T10:41:14","date_gmt":"2026-04-06T10:41:14","guid":{"rendered":"https:\/\/irankiuzona.lt\/product\/kiauru-padangu-sandariklis-mannol-450ml\/"},"modified":"2026-04-24T15:07:36","modified_gmt":"2026-04-24T15:07:36","slug":"kiauru-padangu-sandariklis-mannol-450ml","status":"publish","type":"product","link":"https:\/\/irankiuzona.lt\/ru\/product\/kiauru-padangu-sandariklis-mannol-450ml\/","title":{"rendered":"KIAUR\u0172 PADANG\u0172 SANDARIKLIS MANNOL 450ML"},"content":{"rendered":"<p>Kiaur\u0173 padang\u0173 sandariklis &quot;Reifen Doctor&quot; &#8211; paprastas naudoti specialus pur\u0161kimo \u012frankis, skirtas avariniam kamerini\u0173 ir bekameri\u0173 padang\u0173 prad\u016brimui ant lietini\u0173 ir \u0161tampuot\u0173 rat\u0173 j\u0173 nei\u0161montuojant. Gautos putos greitai ir patikimai u\u017esandarina vis\u0173 tip\u0173 prad\u016brimus ir nuot\u0117kius iki 5 mm skersmens, sukurdamos ilgalaik\u0119 savaime vulkanizuojan\u010di\u0105 pl\u0117vel\u0119 s\u0105veikaujant su oru. Taikoma vis\u0173 dyd\u017ei\u0173 lengv\u0173j\u0173 automobili\u0173, lengv\u0173j\u0173 sunkve\u017eimi\u0173 ir priekab\u0173 padangoms. Netaikoma esant ilgiems ply\u0161iams arba kai padanga nuslydo\/nusimontavo nuo ratlankio.<br \/>\nSavyb\u0117s:- Ilg\u0105 laik\u0105 i\u0161lieka aktyvioje padangoje ir apsaugo nuo oro nutek\u0117jimo ateityje, \u012fskaitant pakartotinius prad\u016brimus;- nesukelia oksid\u0173 ir r\u016bd\u017ei\u0173 susidarymo ant ratlankio pavir\u0161iaus;- Neturi \u012ftakos rat\u0173 balansavimui;- Neu\u017e\u0161\u0105la \u0161altyje<br \/>\nTaikymas:1. Jei \u012fmanoma, pa\u0161alinkite prad\u016brimo prie\u017east\u012f (vin\u012f, savisriegio var\u017et\u0105 ir kt.). Pasukite rat\u0105 \u017eemyn su pradurta ir visi\u0161kai i\u0161leiskite likus\u012f or\u0105 i\u0161 padangos.2. \u0160altyje pa\u0161ildykite balion\u0105 iki ne \u017eemesn\u0117s kaip + 15\u00b0 C temperat\u016bros (pvz., \u0161iltoje ma\u0161inoje), tada gerai suplakite.3. U\u017esukite cilindro jungt\u012f ant padangos vo\u017etuvo.4. Balion\u0105 laikykite vertikaliai ir vis\u0105 baliono turin\u012f suleiskite \u012f padang\u0105. Vienai padangai, kurios ratlankio skersmuo (nuleidimo skersmuo) yra 15&#8242;, pakanka vieno buteliuko.5. Prip\u016bskite padang\u0105 iki reikiamo sl\u0117gio. Norint, kad putos tolygiai pasiskirstyt\u0173 padangos viduje ir patikimai u\u017esandarint\u0173 prad\u016brimus, reikia va\u017eiuoti vidutiniu 70 km\/h grei\u010diu 10-15 km.6. Kuo grei\u010diau kreipkit\u0117s \u012f servis\u0105 d\u0117l profesionalaus padang\u0173 remonto, iki tol reguliariai steb\u0117kite oro sl\u0117g\u012f padangoje.<br \/>\nPastaba: Netinka naudoti tiesioginio matavimo padang\u0173 sl\u0117gio steb\u0117jimo sistemose (TPMS).<\/p>","protected":false},"excerpt":{"rendered":"<p>Kiaur\u0173 padang\u0173 sandariklis MANNOL 450ml<\/p>","protected":false},"featured_media":430938,"comment_status":"open","ping_status":"open","template":"","meta":[],"product_cat":[9824],"product_tag":[9845],"class_list":{"0":"post-430936","1":"product","2":"type-product","3":"status-publish","4":"has-post-thumbnail","6":"product_brand-vokietija-germany","7":"product_cat-autochemija","8":"product_tag-vokietija-germany","10":"first","11":"instock","12":"purchasable","13":"product-type-simple"},"jetpack_sharing_enabled":true,"_links":{"self":[{"href":"https:\/\/irankiuzona.lt\/ru\/wp-json\/wp\/v2\/product\/430936","targetHints":{"allow":["GET"]}}],"collection":[{"href":"https:\/\/irankiuzona.lt\/ru\/wp-json\/wp\/v2\/product"}],"about":[{"href":"https:\/\/irankiuzona.lt\/ru\/wp-json\/wp\/v2\/types\/product"}],"replies":[{"embeddable":true,"href":"https:\/\/irankiuzona.lt\/ru\/wp-json\/wp\/v2\/comments?post=430936"}],"version-history":[{"count":1,"href":"https:\/\/irankiuzona.lt\/ru\/wp-json\/wp\/v2\/product\/430936\/revisions"}],"predecessor-version":[{"id":430937,"href":"https:\/\/irankiuzona.lt\/ru\/wp-json\/wp\/v2\/product\/430936\/revisions\/430937"}],"wp:featuredmedia":[{"embeddable":true,"href":"https:\/\/irankiuzona.lt\/ru\/wp-json\/wp\/v2\/media\/430938"}],"wp:attachment":[{"href":"https:\/\/irankiuzona.lt\/ru\/wp-json\/wp\/v2\/media?parent=430936"}],"wp:term":[{"taxonomy":"product_cat","embeddable":true,"href":"https:\/\/irankiuzona.lt\/ru\/wp-json\/wp\/v2\/product_cat?post=430936"},{"taxonomy":"product_tag","embeddable":true,"href":"https:\/\/irankiuzona.lt\/ru\/wp-json\/wp\/v2\/product_tag?post=430936"}],"curies":[{"name":"wp","href":"https:\/\/api.w.org\/{rel}","templated":true}]}}