{"id":430942,"date":"2026-04-06T10:41:31","date_gmt":"2026-04-06T10:41:31","guid":{"rendered":"https:\/\/irankiuzona.lt\/product\/raktai-soniniai-dekle-14vnt-3-810-24mm\/"},"modified":"2026-04-24T11:40:13","modified_gmt":"2026-04-24T11:40:13","slug":"raktai-soniniai-dekle-14vnt-3-810-24mm","status":"publish","type":"product","link":"https:\/\/irankiuzona.lt\/ru\/product\/raktai-soniniai-dekle-14vnt-3-810-24mm\/","title":{"rendered":"Raktai \u0161oniniai d\u0117kle 14vnt 3\/8&#8221;10-24mm"},"content":{"rendered":"<p>Dydis: 10, 11, 12, 13, 14, 15, 16, 17, 18, 19, 22, 24 mm,<br \/>\nprailginimo strypas: 3\/8 * 75, 3\/8 * 125, med\u017eiaga: 42CRMO<\/p>","protected":false},"excerpt":{"rendered":"<p>\u0160onini\u0173 rakt\u0173 rinkinys | 10 mm (3\/8&quot;) | 10 &#8211; 24 mm | 14 vnt<\/p>","protected":false},"featured_media":430944,"comment_status":"open","ping_status":"open","template":"","meta":[],"product_cat":[9611],"product_tag":[9435],"class_list":{"0":"post-430942","1":"product","2":"type-product","3":"status-publish","4":"has-post-thumbnail","6":"product_brand-kinija","7":"product_cat-spec-raktai","8":"product_tag-kinija","10":"first","11":"instock","12":"purchasable","13":"product-type-simple"},"jetpack_sharing_enabled":true,"_links":{"self":[{"href":"https:\/\/irankiuzona.lt\/ru\/wp-json\/wp\/v2\/product\/430942","targetHints":{"allow":["GET"]}}],"collection":[{"href":"https:\/\/irankiuzona.lt\/ru\/wp-json\/wp\/v2\/product"}],"about":[{"href":"https:\/\/irankiuzona.lt\/ru\/wp-json\/wp\/v2\/types\/product"}],"replies":[{"embeddable":true,"href":"https:\/\/irankiuzona.lt\/ru\/wp-json\/wp\/v2\/comments?post=430942"}],"version-history":[{"count":1,"href":"https:\/\/irankiuzona.lt\/ru\/wp-json\/wp\/v2\/product\/430942\/revisions"}],"predecessor-version":[{"id":430943,"href":"https:\/\/irankiuzona.lt\/ru\/wp-json\/wp\/v2\/product\/430942\/revisions\/430943"}],"wp:featuredmedia":[{"embeddable":true,"href":"https:\/\/irankiuzona.lt\/ru\/wp-json\/wp\/v2\/media\/430944"}],"wp:attachment":[{"href":"https:\/\/irankiuzona.lt\/ru\/wp-json\/wp\/v2\/media?parent=430942"}],"wp:term":[{"taxonomy":"product_cat","embeddable":true,"href":"https:\/\/irankiuzona.lt\/ru\/wp-json\/wp\/v2\/product_cat?post=430942"},{"taxonomy":"product_tag","embeddable":true,"href":"https:\/\/irankiuzona.lt\/ru\/wp-json\/wp\/v2\/product_tag?post=430942"}],"curies":[{"name":"wp","href":"https:\/\/api.w.org\/{rel}","templated":true}]}}