{"id":430948,"date":"2026-04-06T10:41:49","date_gmt":"2026-04-06T10:41:49","guid":{"rendered":"https:\/\/irankiuzona.lt\/product\/raktai-soniniai-10vnt-10-22mm\/"},"modified":"2026-04-24T08:38:05","modified_gmt":"2026-04-24T08:38:05","slug":"raktai-soniniai-10vnt-10-22mm","status":"publish","type":"product","link":"https:\/\/irankiuzona.lt\/ru\/product\/raktai-soniniai-10vnt-10-22mm\/","title":{"rendered":"Raktai \u0161oniniai 10vnt 10-22mm"},"content":{"rendered":"<p>10 &#8211; 11 &#8211; 12 &#8211; 13 &#8211; 14 &#8211; 15 &#8211; 16 &#8211; 17 &#8211; 19 &#8211; 20<br \/>\nMed\u017eiaga: chromuotas molibdeno plienas<br \/>\nPavir\u0161iaus apdaila: chromuota apdaila<\/p>","protected":false},"excerpt":{"rendered":"<p>\u0160onini\u0173 rakt\u0173 rinkinys | 10 mm (3\/8&quot;) | 10 &#8211; 22 mm | 10 vnt.<\/p>","protected":false},"featured_media":430950,"comment_status":"open","ping_status":"open","template":"","meta":[],"product_cat":[9611],"product_tag":[9435],"class_list":{"0":"post-430948","1":"product","2":"type-product","3":"status-publish","4":"has-post-thumbnail","6":"product_brand-kinija","7":"product_cat-spec-raktai","8":"product_tag-kinija","10":"first","11":"instock","12":"purchasable","13":"product-type-simple"},"jetpack_sharing_enabled":true,"_links":{"self":[{"href":"https:\/\/irankiuzona.lt\/ru\/wp-json\/wp\/v2\/product\/430948","targetHints":{"allow":["GET"]}}],"collection":[{"href":"https:\/\/irankiuzona.lt\/ru\/wp-json\/wp\/v2\/product"}],"about":[{"href":"https:\/\/irankiuzona.lt\/ru\/wp-json\/wp\/v2\/types\/product"}],"replies":[{"embeddable":true,"href":"https:\/\/irankiuzona.lt\/ru\/wp-json\/wp\/v2\/comments?post=430948"}],"version-history":[{"count":1,"href":"https:\/\/irankiuzona.lt\/ru\/wp-json\/wp\/v2\/product\/430948\/revisions"}],"predecessor-version":[{"id":430949,"href":"https:\/\/irankiuzona.lt\/ru\/wp-json\/wp\/v2\/product\/430948\/revisions\/430949"}],"wp:featuredmedia":[{"embeddable":true,"href":"https:\/\/irankiuzona.lt\/ru\/wp-json\/wp\/v2\/media\/430950"}],"wp:attachment":[{"href":"https:\/\/irankiuzona.lt\/ru\/wp-json\/wp\/v2\/media?parent=430948"}],"wp:term":[{"taxonomy":"product_cat","embeddable":true,"href":"https:\/\/irankiuzona.lt\/ru\/wp-json\/wp\/v2\/product_cat?post=430948"},{"taxonomy":"product_tag","embeddable":true,"href":"https:\/\/irankiuzona.lt\/ru\/wp-json\/wp\/v2\/product_tag?post=430948"}],"curies":[{"name":"wp","href":"https:\/\/api.w.org\/{rel}","templated":true}]}}