{"id":430954,"date":"2026-04-06T10:42:27","date_gmt":"2026-04-06T10:42:27","guid":{"rendered":"https:\/\/irankiuzona.lt\/product\/kondicionieriaus-skriemulio-nuemimo-komplektas\/"},"modified":"2026-04-16T05:28:32","modified_gmt":"2026-04-16T05:28:32","slug":"kondicionieriaus-skriemulio-nuemimo-komplektas","status":"publish","type":"product","link":"https:\/\/irankiuzona.lt\/ru\/product\/kondicionieriaus-skriemulio-nuemimo-komplektas\/","title":{"rendered":"Kondicionieriaus skriemulio nu\u0117mimo komplektas"},"content":{"rendered":"<p>Pritaikymas: Sankabos nu\u0117mimui nuo \u0161i\u0173 kompresori\u0173: FS6, C171, 6P ir 148, GM R4 ir A6, HR6, DA-6 ir V5 ir Sanden SD505, 507, 510, 575, 708 ir 709 ir kit\u0173. Galimyb\u0117 sumontuoti du ar tris var\u017etus u\u017etikrina daugelio sankab\u0173 tinkamum\u0105 naudoti.<\/p>","protected":false},"excerpt":{"rendered":"<p>Oro kondicionieriaus kompresoriaus sankabos nu\u0117m\u0117jas<\/p>","protected":false},"featured_media":430956,"comment_status":"open","ping_status":"open","template":"","meta":[],"product_cat":[9789],"product_tag":[11005],"class_list":{"0":"post-430954","1":"product","2":"type-product","3":"status-publish","4":"has-post-thumbnail","6":"product_brand-quatros-lenkija","7":"product_cat-iranga-kondicionieriu-pildymui-priedai","8":"product_tag-quatros-lenkija","10":"first","11":"instock","12":"purchasable","13":"product-type-simple"},"jetpack_sharing_enabled":true,"_links":{"self":[{"href":"https:\/\/irankiuzona.lt\/ru\/wp-json\/wp\/v2\/product\/430954","targetHints":{"allow":["GET"]}}],"collection":[{"href":"https:\/\/irankiuzona.lt\/ru\/wp-json\/wp\/v2\/product"}],"about":[{"href":"https:\/\/irankiuzona.lt\/ru\/wp-json\/wp\/v2\/types\/product"}],"replies":[{"embeddable":true,"href":"https:\/\/irankiuzona.lt\/ru\/wp-json\/wp\/v2\/comments?post=430954"}],"version-history":[{"count":1,"href":"https:\/\/irankiuzona.lt\/ru\/wp-json\/wp\/v2\/product\/430954\/revisions"}],"predecessor-version":[{"id":430955,"href":"https:\/\/irankiuzona.lt\/ru\/wp-json\/wp\/v2\/product\/430954\/revisions\/430955"}],"wp:featuredmedia":[{"embeddable":true,"href":"https:\/\/irankiuzona.lt\/ru\/wp-json\/wp\/v2\/media\/430956"}],"wp:attachment":[{"href":"https:\/\/irankiuzona.lt\/ru\/wp-json\/wp\/v2\/media?parent=430954"}],"wp:term":[{"taxonomy":"product_cat","embeddable":true,"href":"https:\/\/irankiuzona.lt\/ru\/wp-json\/wp\/v2\/product_cat?post=430954"},{"taxonomy":"product_tag","embeddable":true,"href":"https:\/\/irankiuzona.lt\/ru\/wp-json\/wp\/v2\/product_tag?post=430954"}],"curies":[{"name":"wp","href":"https:\/\/api.w.org\/{rel}","templated":true}]}}