{"id":430957,"date":"2026-04-06T10:42:33","date_gmt":"2026-04-06T10:42:33","guid":{"rendered":"https:\/\/irankiuzona.lt\/product\/reples-duslintuvo-savarzoms-300mm\/"},"modified":"2026-04-16T03:03:23","modified_gmt":"2026-04-16T03:03:23","slug":"reples-duslintuvo-savarzoms-300mm","status":"publish","type":"product","link":"https:\/\/irankiuzona.lt\/ru\/product\/reples-duslintuvo-savarzoms-300mm\/","title":{"rendered":"Repl\u0117s duslintuvo s\u0105var\u017eoms 300mm"},"content":{"rendered":"<p>Repl\u0117s leid\u017eia greitai ir patogiai sumontuoti ir i\u0161montuoti i\u0161metimo spaustukus CITROEN, PEUGEOT, RENAULT automobiliuose.<\/p>","protected":false},"excerpt":{"rendered":"<p>CITROEN\/PEUGEOT\u00a0duslintuvo s\u0105var\u017eoms-spaustukai<\/p>","protected":false},"featured_media":430959,"comment_status":"open","ping_status":"open","template":"","meta":[],"product_cat":[9537],"product_tag":[11005],"class_list":{"0":"post-430957","1":"product","2":"type-product","3":"status-publish","4":"has-post-thumbnail","6":"product_brand-quatros-lenkija","7":"product_cat-duslintuvo-remontui","8":"product_tag-quatros-lenkija","10":"first","11":"instock","12":"purchasable","13":"product-type-simple"},"jetpack_sharing_enabled":true,"_links":{"self":[{"href":"https:\/\/irankiuzona.lt\/ru\/wp-json\/wp\/v2\/product\/430957","targetHints":{"allow":["GET"]}}],"collection":[{"href":"https:\/\/irankiuzona.lt\/ru\/wp-json\/wp\/v2\/product"}],"about":[{"href":"https:\/\/irankiuzona.lt\/ru\/wp-json\/wp\/v2\/types\/product"}],"replies":[{"embeddable":true,"href":"https:\/\/irankiuzona.lt\/ru\/wp-json\/wp\/v2\/comments?post=430957"}],"version-history":[{"count":1,"href":"https:\/\/irankiuzona.lt\/ru\/wp-json\/wp\/v2\/product\/430957\/revisions"}],"predecessor-version":[{"id":430958,"href":"https:\/\/irankiuzona.lt\/ru\/wp-json\/wp\/v2\/product\/430957\/revisions\/430958"}],"wp:featuredmedia":[{"embeddable":true,"href":"https:\/\/irankiuzona.lt\/ru\/wp-json\/wp\/v2\/media\/430959"}],"wp:attachment":[{"href":"https:\/\/irankiuzona.lt\/ru\/wp-json\/wp\/v2\/media?parent=430957"}],"wp:term":[{"taxonomy":"product_cat","embeddable":true,"href":"https:\/\/irankiuzona.lt\/ru\/wp-json\/wp\/v2\/product_cat?post=430957"},{"taxonomy":"product_tag","embeddable":true,"href":"https:\/\/irankiuzona.lt\/ru\/wp-json\/wp\/v2\/product_tag?post=430957"}],"curies":[{"name":"wp","href":"https:\/\/api.w.org\/{rel}","templated":true}]}}