{"id":430960,"date":"2026-04-06T10:42:39","date_gmt":"2026-04-06T10:42:39","guid":{"rendered":"https:\/\/irankiuzona.lt\/product\/svertas-vaziuokles-tikrinimui\/"},"modified":"2026-04-16T06:24:25","modified_gmt":"2026-04-16T06:24:25","slug":"svertas-vaziuokles-tikrinimui","status":"publish","type":"product","link":"https:\/\/irankiuzona.lt\/ru\/product\/svertas-vaziuokles-tikrinimui\/","title":{"rendered":"Svertas va\u017eiuokl\u0117s tikrinimui"},"content":{"rendered":"<p>Universali svirtis supaprastina pakabos komponent\u0173 montavim\u0105 ir nu\u0117mim\u0105.<br \/>\n Ilgis: 1170 mm<\/p>","protected":false},"excerpt":{"rendered":"<p>Svertas va\u017eiuokl\u0117s tikrinimui<\/p>","protected":false},"featured_media":430962,"comment_status":"open","ping_status":"open","template":"","meta":[],"product_cat":[9535],"product_tag":[11005],"class_list":{"0":"post-430960","1":"product","2":"type-product","3":"status-publish","4":"has-post-thumbnail","6":"product_brand-quatros-lenkija","7":"product_cat-montiruotes-svertai","8":"product_tag-quatros-lenkija","10":"first","11":"instock","12":"purchasable","13":"product-type-simple"},"jetpack_sharing_enabled":true,"_links":{"self":[{"href":"https:\/\/irankiuzona.lt\/ru\/wp-json\/wp\/v2\/product\/430960","targetHints":{"allow":["GET"]}}],"collection":[{"href":"https:\/\/irankiuzona.lt\/ru\/wp-json\/wp\/v2\/product"}],"about":[{"href":"https:\/\/irankiuzona.lt\/ru\/wp-json\/wp\/v2\/types\/product"}],"replies":[{"embeddable":true,"href":"https:\/\/irankiuzona.lt\/ru\/wp-json\/wp\/v2\/comments?post=430960"}],"version-history":[{"count":1,"href":"https:\/\/irankiuzona.lt\/ru\/wp-json\/wp\/v2\/product\/430960\/revisions"}],"predecessor-version":[{"id":430961,"href":"https:\/\/irankiuzona.lt\/ru\/wp-json\/wp\/v2\/product\/430960\/revisions\/430961"}],"wp:featuredmedia":[{"embeddable":true,"href":"https:\/\/irankiuzona.lt\/ru\/wp-json\/wp\/v2\/media\/430962"}],"wp:attachment":[{"href":"https:\/\/irankiuzona.lt\/ru\/wp-json\/wp\/v2\/media?parent=430960"}],"wp:term":[{"taxonomy":"product_cat","embeddable":true,"href":"https:\/\/irankiuzona.lt\/ru\/wp-json\/wp\/v2\/product_cat?post=430960"},{"taxonomy":"product_tag","embeddable":true,"href":"https:\/\/irankiuzona.lt\/ru\/wp-json\/wp\/v2\/product_tag?post=430960"}],"curies":[{"name":"wp","href":"https:\/\/api.w.org\/{rel}","templated":true}]}}