{"id":430966,"date":"2026-04-06T10:42:48","date_gmt":"2026-04-06T10:42:48","guid":{"rendered":"https:\/\/irankiuzona.lt\/product\/galvutes-spec-3-88-19mm-12vnt\/"},"modified":"2026-04-16T10:12:09","modified_gmt":"2026-04-16T10:12:09","slug":"galvutes-spec-3-88-19mm-12vnt","status":"publish","type":"product","link":"https:\/\/irankiuzona.lt\/ru\/product\/galvutes-spec-3-88-19mm-12vnt\/","title":{"rendered":"Galvut\u0117s spec.3\/8&#8221;8-19mm 12vnt."},"content":{"rendered":"<p>\u0160is ver\u017eliarak\u010di\u0173 rinkinys skirtas atlaisvinti iki 85 % pa\u017eeistas apdirbtas ver\u017eles ar var\u017etus.<br \/>\n\u0160ios ver\u017el\u0117s taip pat tinka nepa\u017eeistoms ver\u017el\u0117ms ar var\u017etams.<br \/>\nMed\u017eiaga: chromo vanad\u017eio plienas<br \/>\nRinkinio turinys: &#8211; 12 3\/8&quot; ver\u017eliarak\u010di\u0173, kuri\u0173 dyd\u017eiai: 8, 9, 10, 11, 12, 13, 14, 15, 16, 17, 18 ir 19 mm &#8211; 1 1\/2&quot; (vidin\u0117) x 3\/8&quot; (i\u0161orin\u0117)<\/p>","protected":false},"excerpt":{"rendered":"<p>12 3\/8&quot; galvu\u010di\u0173 rinkinys frezuotiems var\u017etams, 8-19 mm<\/p>","protected":false},"featured_media":430968,"comment_status":"open","ping_status":"open","template":"","meta":[],"product_cat":[11027],"product_tag":[11005],"class_list":{"0":"post-430966","1":"product","2":"type-product","3":"status-publish","4":"has-post-thumbnail","6":"product_brand-quatros-lenkija","7":"product_cat-galvutes-e-profil-torx","8":"product_tag-quatros-lenkija","10":"first","11":"instock","12":"purchasable","13":"product-type-simple"},"jetpack_sharing_enabled":true,"_links":{"self":[{"href":"https:\/\/irankiuzona.lt\/ru\/wp-json\/wp\/v2\/product\/430966","targetHints":{"allow":["GET"]}}],"collection":[{"href":"https:\/\/irankiuzona.lt\/ru\/wp-json\/wp\/v2\/product"}],"about":[{"href":"https:\/\/irankiuzona.lt\/ru\/wp-json\/wp\/v2\/types\/product"}],"replies":[{"embeddable":true,"href":"https:\/\/irankiuzona.lt\/ru\/wp-json\/wp\/v2\/comments?post=430966"}],"version-history":[{"count":1,"href":"https:\/\/irankiuzona.lt\/ru\/wp-json\/wp\/v2\/product\/430966\/revisions"}],"predecessor-version":[{"id":430967,"href":"https:\/\/irankiuzona.lt\/ru\/wp-json\/wp\/v2\/product\/430966\/revisions\/430967"}],"wp:featuredmedia":[{"embeddable":true,"href":"https:\/\/irankiuzona.lt\/ru\/wp-json\/wp\/v2\/media\/430968"}],"wp:attachment":[{"href":"https:\/\/irankiuzona.lt\/ru\/wp-json\/wp\/v2\/media?parent=430966"}],"wp:term":[{"taxonomy":"product_cat","embeddable":true,"href":"https:\/\/irankiuzona.lt\/ru\/wp-json\/wp\/v2\/product_cat?post=430966"},{"taxonomy":"product_tag","embeddable":true,"href":"https:\/\/irankiuzona.lt\/ru\/wp-json\/wp\/v2\/product_tag?post=430966"}],"curies":[{"name":"wp","href":"https:\/\/api.w.org\/{rel}","templated":true}]}}