{"id":430969,"date":"2026-04-06T10:42:57","date_gmt":"2026-04-06T10:42:57","guid":{"rendered":"https:\/\/irankiuzona.lt\/product\/irankiai-psa-bmw-1-4-1-6\/"},"modified":"2026-04-16T12:39:27","modified_gmt":"2026-04-16T12:39:27","slug":"irankiai-psa-bmw-1-4-1-6","status":"publish","type":"product","link":"https:\/\/irankiuzona.lt\/ru\/product\/irankiai-psa-bmw-1-4-1-6\/","title":{"rendered":"\u012erankiai PSA BMW 1.4\/1.6"},"content":{"rendered":"<p>Pilnas paskirstymo veleno laikma\u010dio komplektas, skirtas 1.4 ir 1.6 PSA\/BMW varikli\u0173 paskirstymo veleno keitimui ir tikrinimui.<br \/>\n Palaikomi varikli\u0173 kodai: BMW ir MINI: N12, N13, N14, N16 ir N18, bei Citro\u00ebn\/Peugeot: EP3 ir EP6. <\/p>\n<p>Komplekte yra PSA rekomenduojamas skaitmeninis posvyrio matuoklis, skirtas grandin\u0117s susid\u0117v\u0117jimui patikrinti ir teisingai sureguliuoti kintamo vo\u017etuv\u0173 paskirstymo velen\u0105.<br \/>\nNaudojimas: CITROEN: Berlingo III (09-18), C3, C3 Picasso (09-15), C4, C4 Picasso (08-19), C5 III (09-15), DS3, DS3 Cabrio (09-17), DS4 (11-15), DS5 (12-15) PEUGEOT: 207, 207 CC (06-16), 208 (12-19), 308, 308CC (07-19), 508 (11-18), 2008 (13-17), 3008 (09-), 5008 (09-), Partner (09-18), RCZ (10-16) DS: 3 (15-19), 4 (15-19), 5 (15-18), 7 Crossback (17-) <\/p>\n<p>BMW: 1 serija (11-16), 3 serija (12-15) MIN: Mini (06-15), Clubman (07-14), Countryman (10-17), Coupe (11-15), Roadster (12-15), Paceman (13-17)<br \/>\nVarikli\u0173 kodai: 1.4 \u2013 N12 B14A 1.4 Vti \u2013 8FN (EP3C), 8FP (EP3C), 8FR (EP3C), 8FS (EP3) 1.6 \u2013 N13 B16A, N14 B16A, N14 B16C, N16 B16A, N18 B16A, N18 B16C 1.6 Vti \u2013 5FK (EP6CB), 5FL (EP6C), 5FP (EP6), 5FS (EP6C), 5FW (EP6), EP6 (5FW), EP6C (5FH), EP6C (5FK), EP6C (5FS) 1,6 THP \u2013 5FD (EP6DTS), 5FE (EP6CDTM), 5FF (EP6DTS), 5FM (EP6CDTM), 5FN (EP6CDT), 5FR (EP6DTE), 5FT (EP6DT), 5FU (EP6CDTX), 5FV (EP6CDT), 5FVGRDFD5 (EP6CDT), 5FGRFDMD6 (EP6FDTX), 5GT (EP6FDTX), 5GW (EP6FDT), 5GY (EP6FDT), 5GY (EP6FDTM), 5GZ (EP6FDT), EP6CDT (5FA), EP6CDT (5FE), EP6CDT (5FM), EP6CDT (5FN), EP6CDT (5FN), EPVGTR6), EP6CDF6 (5FU), EP6DT (5FT), EP6DT (5FX), EP6DTE (5FR), EP6DTS (5FY), EP6FDT (5GW), EP6FDT (5GZ), EP6FDTM (5GY), EP6FDTR (5GN), EP6FDTR (5GP), EP6FDTX (5GR), EP6FDTX (5GT) 1.6 PureTech \u2013 5GY (EP6FADTXD), 5GF (EP6FADTX), 5GG (EP6FADTX)<br \/>\n Rinkinio sud\u0117tis:<br \/>\nA \u2013 I\u0161metimo skirstomojo veleno fiksavimo \u012frankis | OEM: 0197-A1\/A1Z, 0197-A11, 11 7 440, 11 9 551, 11 9 540 B \u2013 \u012esiurbimo skirstomojo veleno fiksavimo \u012frankis | OEM: 0197-A2, 11 9 551 C \u2013 M10 var\u017etas D \u2013 \u012esiurbimo skirstomojo veleno fiksavimo \u012frankis | OEM: 0197-A3, 0197-031, 11 7 440, 11 9 540 E \u2013 Alk\u016bninio veleno fiksavimo kai\u0161tis | OEM: 0197-BZ, 11 9 590, 49 6 709, 2 299 362 F \u2013 M5 var\u017etai (6 vnt.) G \u2013 I\u0161metimo skirstomojo veleno fiksavimo adapteris | OEM: 0197-A1\/AZ, 11 7 440, 11 9 540 H \u2013 A ir B jungtys | OEM: Visi skirstom\u0173j\u0173 velen\u0173 mazgai I \u2013 \u012esiurbimo skirstomojo veleno fiksavimo adapteris | OEM: 0197-A2, 11 9 551 J \u2013 \u012esiurbimo skirstomojo veleno fiksavimo adapteris | OEM: 0197-A31, 11 7 440 K \u2013 I\u0161metimo skirstomojo veleno fiksavimo adapteris | OEM: 0197-A11, 11 9 551, 11 9 440 L \u2013 \u012esiurbimo skirstomojo veleno fiksavimo adapteris | OEM: 0197-A3, 11 9 540 M \u2013 Skaitmeninis kampamatis (pokrypio matuoklis) | OEM: G-1376-A N \u2013 Paskirstymo grandin\u0117s \u012ftempiklis | OEM: 0197-M, 11 9 340 O \u2013 Skaitmeninis kampamatis | OEM: E1.100 Pagalbin\u0117 informacija apie atskir\u0173 rinkinio komponent\u0173 sujungim\u0105 norint gauti konkret\u0173 OEM \u012frank\u012f: PSA OEM 0197-A1\/A1Z \u2013 I\u0161metimo skirstomojo veleno fiksavimo \u012franki\u0173 rinkinys: A+G PSA OEM 0197-A11 \u2013 I\u0161metimo skirstomojo veleno fiksavimo \u012franki\u0173 rinkinys: A+K PSA OEM 0197-A2 \u2013 \u012esiurbimo skirstomojo veleno fiksavimo \u012franki\u0173 rinkinys: B+I PSA OEM 0197-A3 \u2013 \u012esiurbimo skirstomojo veleno fiksavimo \u012franki\u0173 rinkinys: D+L PSA OEM 0197-A31 \u2013 \u012esiurbimo skirstomojo veleno fiksavimo \u012franki\u0173 rinkinys: D+J BMW OEM 11 7 440 \u2013 Skirstomojo veleno fiksavimo \u012franki\u0173 rinkinys: A+K+H+D+J BMW OEM 11 9 551 \u2013 Skirstomojo veleno fiksavimo \u012franki\u0173 rinkinys, laikas: A+K+H+B+I BMW OEM 11 9 540 \u2013 Skirstomojo veleno fiksavimo \u012franki\u0173 rinkinys: A+G+H+D+L<\/p>","protected":false},"excerpt":{"rendered":"<p>PSA fiksavimo \u012franki\u0173 rinkinys, BMW 1.4\/1.6 benzininis<\/p>","protected":false},"featured_media":430971,"comment_status":"open","ping_status":"open","template":"","meta":[],"product_cat":[9689],"product_tag":[11005],"class_list":{"0":"post-430969","1":"product","2":"type-product","3":"status-publish","4":"has-post-thumbnail","6":"product_brand-quatros-lenkija","7":"product_cat-bmw-blokatoriai","8":"product_tag-quatros-lenkija","10":"first","11":"outofstock","12":"purchasable","13":"product-type-simple"},"jetpack_sharing_enabled":true,"_links":{"self":[{"href":"https:\/\/irankiuzona.lt\/ru\/wp-json\/wp\/v2\/product\/430969","targetHints":{"allow":["GET"]}}],"collection":[{"href":"https:\/\/irankiuzona.lt\/ru\/wp-json\/wp\/v2\/product"}],"about":[{"href":"https:\/\/irankiuzona.lt\/ru\/wp-json\/wp\/v2\/types\/product"}],"replies":[{"embeddable":true,"href":"https:\/\/irankiuzona.lt\/ru\/wp-json\/wp\/v2\/comments?post=430969"}],"version-history":[{"count":1,"href":"https:\/\/irankiuzona.lt\/ru\/wp-json\/wp\/v2\/product\/430969\/revisions"}],"predecessor-version":[{"id":430970,"href":"https:\/\/irankiuzona.lt\/ru\/wp-json\/wp\/v2\/product\/430969\/revisions\/430970"}],"wp:featuredmedia":[{"embeddable":true,"href":"https:\/\/irankiuzona.lt\/ru\/wp-json\/wp\/v2\/media\/430971"}],"wp:attachment":[{"href":"https:\/\/irankiuzona.lt\/ru\/wp-json\/wp\/v2\/media?parent=430969"}],"wp:term":[{"taxonomy":"product_cat","embeddable":true,"href":"https:\/\/irankiuzona.lt\/ru\/wp-json\/wp\/v2\/product_cat?post=430969"},{"taxonomy":"product_tag","embeddable":true,"href":"https:\/\/irankiuzona.lt\/ru\/wp-json\/wp\/v2\/product_tag?post=430969"}],"curies":[{"name":"wp","href":"https:\/\/api.w.org\/{rel}","templated":true}]}}