{"id":430975,"date":"2026-04-06T10:43:12","date_gmt":"2026-04-06T10:43:12","guid":{"rendered":"https:\/\/irankiuzona.lt\/product\/raktas-suportams-su-desniniu-sriegiu\/"},"modified":"2026-04-21T15:06:59","modified_gmt":"2026-04-21T15:06:59","slug":"raktas-suportams-su-desniniu-sriegiu","status":"publish","type":"product","link":"https:\/\/irankiuzona.lt\/ru\/product\/raktas-suportams-su-desniniu-sriegiu\/","title":{"rendered":"Raktas suportams su de\u0161niniu sriegiu"},"content":{"rendered":"","protected":false},"excerpt":{"rendered":"<p>Stabd\u017ei\u0173 st\u016bmoklio presas (de\u0161inysis sriegis)<\/p>","protected":false},"featured_media":430977,"comment_status":"open","ping_status":"open","template":"","meta":[],"product_cat":[9534],"product_tag":[11005],"class_list":{"0":"post-430975","1":"product","2":"type-product","3":"status-publish","4":"has-post-thumbnail","6":"product_brand-quatros-lenkija","7":"product_cat-stabdziu-remonto-nuorinimo-irankiai","8":"product_tag-quatros-lenkija","10":"first","11":"instock","12":"purchasable","13":"product-type-simple"},"jetpack_sharing_enabled":true,"_links":{"self":[{"href":"https:\/\/irankiuzona.lt\/ru\/wp-json\/wp\/v2\/product\/430975","targetHints":{"allow":["GET"]}}],"collection":[{"href":"https:\/\/irankiuzona.lt\/ru\/wp-json\/wp\/v2\/product"}],"about":[{"href":"https:\/\/irankiuzona.lt\/ru\/wp-json\/wp\/v2\/types\/product"}],"replies":[{"embeddable":true,"href":"https:\/\/irankiuzona.lt\/ru\/wp-json\/wp\/v2\/comments?post=430975"}],"version-history":[{"count":1,"href":"https:\/\/irankiuzona.lt\/ru\/wp-json\/wp\/v2\/product\/430975\/revisions"}],"predecessor-version":[{"id":430976,"href":"https:\/\/irankiuzona.lt\/ru\/wp-json\/wp\/v2\/product\/430975\/revisions\/430976"}],"wp:featuredmedia":[{"embeddable":true,"href":"https:\/\/irankiuzona.lt\/ru\/wp-json\/wp\/v2\/media\/430977"}],"wp:attachment":[{"href":"https:\/\/irankiuzona.lt\/ru\/wp-json\/wp\/v2\/media?parent=430975"}],"wp:term":[{"taxonomy":"product_cat","embeddable":true,"href":"https:\/\/irankiuzona.lt\/ru\/wp-json\/wp\/v2\/product_cat?post=430975"},{"taxonomy":"product_tag","embeddable":true,"href":"https:\/\/irankiuzona.lt\/ru\/wp-json\/wp\/v2\/product_tag?post=430975"}],"curies":[{"name":"wp","href":"https:\/\/api.w.org\/{rel}","templated":true}]}}