{"id":430978,"date":"2026-04-06T10:43:25","date_gmt":"2026-04-06T10:43:25","guid":{"rendered":"https:\/\/irankiuzona.lt\/product\/ausinimo-zarnu-uzspaudimo-repliu-komplektas\/"},"modified":"2026-04-13T08:57:42","modified_gmt":"2026-04-13T08:57:42","slug":"ausinimo-zarnu-uzspaudimo-repliu-komplektas","status":"publish","type":"product","link":"https:\/\/irankiuzona.lt\/ru\/product\/ausinimo-zarnu-uzspaudimo-repliu-komplektas\/","title":{"rendered":"Au\u0161inimo \u017earn\u0173 u\u017espaudimo repli\u0173 komplektas"},"content":{"rendered":"<p>\u0160ios spaustuko repl\u0117s skirtos lanks\u010dioms \u017earnoms (pvz., degal\u0173, \u0161altne\u0161io, vandens) pritvirtinti atliekant technin\u0117s prie\u017ei\u016bros darbus.<br \/>\n Rinkinyje yra 3 repl\u0117s, kuri\u0173 dyd\u017eiai yra tokie:<br \/>\n&#8211; 8 coli\u0173 \u017earnoms, kuri\u0173 maksimalus skersmuo yra 18 mm<br \/>\n&#8211; 10 coli\u0173 \u017earnoms, kuri\u0173 maksimalus skersmuo yra 22 mm<br \/>\n&#8211; 12 coli\u0173 \u017earnoms, kuri\u0173 maksimalus skersmuo yra 32 mm<\/p>","protected":false},"excerpt":{"rendered":"<p>3 vnt. repli\u0173 rinkinys<\/p>","protected":false},"featured_media":430980,"comment_status":"open","ping_status":"open","template":"","meta":[],"product_cat":[9468],"product_tag":[11005],"class_list":{"0":"post-430978","1":"product","2":"type-product","3":"status-publish","4":"has-post-thumbnail","6":"product_brand-quatros-lenkija","7":"product_cat-zarnu-uzspaudimo-irankiai","8":"product_tag-quatros-lenkija","10":"first","11":"outofstock","12":"purchasable","13":"product-type-simple"},"jetpack_sharing_enabled":true,"_links":{"self":[{"href":"https:\/\/irankiuzona.lt\/ru\/wp-json\/wp\/v2\/product\/430978","targetHints":{"allow":["GET"]}}],"collection":[{"href":"https:\/\/irankiuzona.lt\/ru\/wp-json\/wp\/v2\/product"}],"about":[{"href":"https:\/\/irankiuzona.lt\/ru\/wp-json\/wp\/v2\/types\/product"}],"replies":[{"embeddable":true,"href":"https:\/\/irankiuzona.lt\/ru\/wp-json\/wp\/v2\/comments?post=430978"}],"version-history":[{"count":1,"href":"https:\/\/irankiuzona.lt\/ru\/wp-json\/wp\/v2\/product\/430978\/revisions"}],"predecessor-version":[{"id":430979,"href":"https:\/\/irankiuzona.lt\/ru\/wp-json\/wp\/v2\/product\/430978\/revisions\/430979"}],"wp:featuredmedia":[{"embeddable":true,"href":"https:\/\/irankiuzona.lt\/ru\/wp-json\/wp\/v2\/media\/430980"}],"wp:attachment":[{"href":"https:\/\/irankiuzona.lt\/ru\/wp-json\/wp\/v2\/media?parent=430978"}],"wp:term":[{"taxonomy":"product_cat","embeddable":true,"href":"https:\/\/irankiuzona.lt\/ru\/wp-json\/wp\/v2\/product_cat?post=430978"},{"taxonomy":"product_tag","embeddable":true,"href":"https:\/\/irankiuzona.lt\/ru\/wp-json\/wp\/v2\/product_tag?post=430978"}],"curies":[{"name":"wp","href":"https:\/\/api.w.org\/{rel}","templated":true}]}}