{"id":430981,"date":"2026-04-06T10:43:31","date_gmt":"2026-04-06T10:43:31","guid":{"rendered":"https:\/\/irankiuzona.lt\/product\/svirkstas-tepalui-500ml-skaidrus\/"},"modified":"2026-04-13T10:26:51","modified_gmt":"2026-04-13T10:26:51","slug":"svirkstas-tepalui-500ml-skaidrus","status":"publish","type":"product","link":"https:\/\/irankiuzona.lt\/ru\/product\/svirkstas-tepalui-500ml-skaidrus\/","title":{"rendered":"\u0160virk\u0161tas tepalui 500ml skaidrus"},"content":{"rendered":"<p>Skirta alyvos i\u0161traukimui ir \u012fpur\u0161kimui \u012f sunkiai pasiekiamas vietas, tokias kaip pavar\u0173 d\u0117\u017e\u0117s, a\u0161ys ir kt. Permatomas korpusas leid\u017eia patikrinti alyvos lyg\u012f alyvos bakelyje. Talpa: 0,5 l<\/p>","protected":false},"excerpt":{"rendered":"<p>Skaidrus\u00a0\u0160virk\u0161tas tepalui 500ml 0,5 l<\/p>","protected":false},"featured_media":430983,"comment_status":"open","ping_status":"open","template":"","meta":[],"product_cat":[9490],"product_tag":[11005],"class_list":{"0":"post-430981","1":"product","2":"type-product","3":"status-publish","4":"has-post-thumbnail","6":"product_brand-quatros-lenkija","7":"product_cat-svirkstai-tepalams-alyvai","8":"product_tag-quatros-lenkija","10":"first","11":"instock","12":"purchasable","13":"product-type-simple"},"jetpack_sharing_enabled":true,"_links":{"self":[{"href":"https:\/\/irankiuzona.lt\/ru\/wp-json\/wp\/v2\/product\/430981","targetHints":{"allow":["GET"]}}],"collection":[{"href":"https:\/\/irankiuzona.lt\/ru\/wp-json\/wp\/v2\/product"}],"about":[{"href":"https:\/\/irankiuzona.lt\/ru\/wp-json\/wp\/v2\/types\/product"}],"replies":[{"embeddable":true,"href":"https:\/\/irankiuzona.lt\/ru\/wp-json\/wp\/v2\/comments?post=430981"}],"version-history":[{"count":1,"href":"https:\/\/irankiuzona.lt\/ru\/wp-json\/wp\/v2\/product\/430981\/revisions"}],"predecessor-version":[{"id":430982,"href":"https:\/\/irankiuzona.lt\/ru\/wp-json\/wp\/v2\/product\/430981\/revisions\/430982"}],"wp:featuredmedia":[{"embeddable":true,"href":"https:\/\/irankiuzona.lt\/ru\/wp-json\/wp\/v2\/media\/430983"}],"wp:attachment":[{"href":"https:\/\/irankiuzona.lt\/ru\/wp-json\/wp\/v2\/media?parent=430981"}],"wp:term":[{"taxonomy":"product_cat","embeddable":true,"href":"https:\/\/irankiuzona.lt\/ru\/wp-json\/wp\/v2\/product_cat?post=430981"},{"taxonomy":"product_tag","embeddable":true,"href":"https:\/\/irankiuzona.lt\/ru\/wp-json\/wp\/v2\/product_tag?post=430981"}],"curies":[{"name":"wp","href":"https:\/\/api.w.org\/{rel}","templated":true}]}}