{"id":430984,"date":"2026-04-06T10:43:51","date_gmt":"2026-04-06T10:43:51","guid":{"rendered":"https:\/\/irankiuzona.lt\/product\/reples-apdailos-ardymui-5\/"},"modified":"2026-04-13T13:55:02","modified_gmt":"2026-04-13T13:55:02","slug":"reples-apdailos-ardymui-5","status":"publish","type":"product","link":"https:\/\/irankiuzona.lt\/ru\/product\/reples-apdailos-ardymui-5\/","title":{"rendered":"Repl\u0117s apdailos ardymui"},"content":{"rendered":"<p>Leid\u017eia lengvai nuimti apmu\u0161al\u0173 segtukus j\u0173 nepa\u017eeid\u017eiant.<br \/>\nGuma dengta rankena u\u017etikrina patog\u0173 naudojim\u0105.<br \/>\nIlgis: 240 mm<\/p>","protected":false},"excerpt":{"rendered":"<p>Apmu\u0161al\u0173 spaustuk\u0173 repl\u0117s<\/p>","protected":false},"featured_media":430986,"comment_status":"open","ping_status":"open","template":"","meta":[],"product_cat":[9529],"product_tag":[11005],"class_list":{"0":"post-430984","1":"product","2":"type-product","3":"status-publish","4":"has-post-thumbnail","6":"product_brand-quatros-lenkija","7":"product_cat-irankiai-apdailos-ardymui","8":"product_tag-quatros-lenkija","10":"first","11":"instock","12":"purchasable","13":"product-type-simple"},"jetpack_sharing_enabled":true,"_links":{"self":[{"href":"https:\/\/irankiuzona.lt\/ru\/wp-json\/wp\/v2\/product\/430984","targetHints":{"allow":["GET"]}}],"collection":[{"href":"https:\/\/irankiuzona.lt\/ru\/wp-json\/wp\/v2\/product"}],"about":[{"href":"https:\/\/irankiuzona.lt\/ru\/wp-json\/wp\/v2\/types\/product"}],"replies":[{"embeddable":true,"href":"https:\/\/irankiuzona.lt\/ru\/wp-json\/wp\/v2\/comments?post=430984"}],"version-history":[{"count":1,"href":"https:\/\/irankiuzona.lt\/ru\/wp-json\/wp\/v2\/product\/430984\/revisions"}],"predecessor-version":[{"id":430985,"href":"https:\/\/irankiuzona.lt\/ru\/wp-json\/wp\/v2\/product\/430984\/revisions\/430985"}],"wp:featuredmedia":[{"embeddable":true,"href":"https:\/\/irankiuzona.lt\/ru\/wp-json\/wp\/v2\/media\/430986"}],"wp:attachment":[{"href":"https:\/\/irankiuzona.lt\/ru\/wp-json\/wp\/v2\/media?parent=430984"}],"wp:term":[{"taxonomy":"product_cat","embeddable":true,"href":"https:\/\/irankiuzona.lt\/ru\/wp-json\/wp\/v2\/product_cat?post=430984"},{"taxonomy":"product_tag","embeddable":true,"href":"https:\/\/irankiuzona.lt\/ru\/wp-json\/wp\/v2\/product_tag?post=430984"}],"curies":[{"name":"wp","href":"https:\/\/api.w.org\/{rel}","templated":true}]}}