{"id":430987,"date":"2026-04-06T10:43:58","date_gmt":"2026-04-06T10:43:58","guid":{"rendered":"https:\/\/irankiuzona.lt\/product\/zvakes-sriegio-ivore-m8x10-12mm-1vnt\/"},"modified":"2026-04-13T18:14:43","modified_gmt":"2026-04-13T18:14:43","slug":"zvakes-sriegio-ivore-m8x10-12mm-1vnt","status":"publish","type":"product","link":"https:\/\/irankiuzona.lt\/ru\/product\/zvakes-sriegio-ivore-m8x10-12mm-1vnt\/","title":{"rendered":"\u017dvak\u0117s sriegio  \u012fvor\u0117 M8x1,0 (12mm) 1vnt."},"content":{"rendered":"","protected":false},"excerpt":{"rendered":"<p>M8x1,0 (12mm) 1vnt.<\/p>","protected":false},"featured_media":430989,"comment_status":"open","ping_status":"open","template":"","meta":[],"product_cat":[9747],"product_tag":[11005],"class_list":{"0":"post-430987","1":"product","2":"type-product","3":"status-publish","4":"has-post-thumbnail","6":"product_brand-quatros-lenkija","7":"product_cat-sugadinto-sriegio-atstatymo-komplektai-ivores-indeklai-helikoliai","8":"product_tag-quatros-lenkija","10":"first","11":"instock","12":"purchasable","13":"product-type-simple"},"jetpack_sharing_enabled":true,"_links":{"self":[{"href":"https:\/\/irankiuzona.lt\/ru\/wp-json\/wp\/v2\/product\/430987","targetHints":{"allow":["GET"]}}],"collection":[{"href":"https:\/\/irankiuzona.lt\/ru\/wp-json\/wp\/v2\/product"}],"about":[{"href":"https:\/\/irankiuzona.lt\/ru\/wp-json\/wp\/v2\/types\/product"}],"replies":[{"embeddable":true,"href":"https:\/\/irankiuzona.lt\/ru\/wp-json\/wp\/v2\/comments?post=430987"}],"version-history":[{"count":1,"href":"https:\/\/irankiuzona.lt\/ru\/wp-json\/wp\/v2\/product\/430987\/revisions"}],"predecessor-version":[{"id":430988,"href":"https:\/\/irankiuzona.lt\/ru\/wp-json\/wp\/v2\/product\/430987\/revisions\/430988"}],"wp:featuredmedia":[{"embeddable":true,"href":"https:\/\/irankiuzona.lt\/ru\/wp-json\/wp\/v2\/media\/430989"}],"wp:attachment":[{"href":"https:\/\/irankiuzona.lt\/ru\/wp-json\/wp\/v2\/media?parent=430987"}],"wp:term":[{"taxonomy":"product_cat","embeddable":true,"href":"https:\/\/irankiuzona.lt\/ru\/wp-json\/wp\/v2\/product_cat?post=430987"},{"taxonomy":"product_tag","embeddable":true,"href":"https:\/\/irankiuzona.lt\/ru\/wp-json\/wp\/v2\/product_tag?post=430987"}],"curies":[{"name":"wp","href":"https:\/\/api.w.org\/{rel}","templated":true}]}}