{"id":430990,"date":"2026-04-06T10:44:03","date_gmt":"2026-04-06T10:44:03","guid":{"rendered":"https:\/\/irankiuzona.lt\/product\/nuemejas-labai-ilgas-10-50mml300mm\/"},"modified":"2026-04-19T14:23:53","modified_gmt":"2026-04-19T14:23:53","slug":"nuemejas-labai-ilgas-10-50mml300mm","status":"publish","type":"product","link":"https:\/\/irankiuzona.lt\/ru\/product\/nuemejas-labai-ilgas-10-50mml300mm\/","title":{"rendered":"Nu\u0117m\u0117jas labai ilgas 10-50mm,L300mm"},"content":{"rendered":"<p>Guoli\u0173 nu\u0117m\u0117jas (40 kJ) su savaime centruojan\u010dia ver\u017ele.<br \/>\n Guolio skersmuo: 10\u201350 mm.<br \/>\n Rankenos siekis: 230 mm.<\/p>","protected":false},"excerpt":{"rendered":"<p>Dviej\u0173 svir\u010di\u0173 guoli\u0173 nu\u0117m\u0117jas 10\u201350 mm, ilgos svirtys L = 300 mm<\/p>","protected":false},"featured_media":430992,"comment_status":"open","ping_status":"open","template":"","meta":[],"product_cat":[9976],"product_tag":[],"class_list":{"0":"post-430990","1":"product","2":"type-product","3":"status-publish","4":"has-post-thumbnail","6":"product_cat-katalogas","8":"first","9":"outofstock","10":"purchasable","11":"product-type-simple"},"jetpack_sharing_enabled":true,"_links":{"self":[{"href":"https:\/\/irankiuzona.lt\/ru\/wp-json\/wp\/v2\/product\/430990","targetHints":{"allow":["GET"]}}],"collection":[{"href":"https:\/\/irankiuzona.lt\/ru\/wp-json\/wp\/v2\/product"}],"about":[{"href":"https:\/\/irankiuzona.lt\/ru\/wp-json\/wp\/v2\/types\/product"}],"replies":[{"embeddable":true,"href":"https:\/\/irankiuzona.lt\/ru\/wp-json\/wp\/v2\/comments?post=430990"}],"version-history":[{"count":1,"href":"https:\/\/irankiuzona.lt\/ru\/wp-json\/wp\/v2\/product\/430990\/revisions"}],"predecessor-version":[{"id":430991,"href":"https:\/\/irankiuzona.lt\/ru\/wp-json\/wp\/v2\/product\/430990\/revisions\/430991"}],"wp:featuredmedia":[{"embeddable":true,"href":"https:\/\/irankiuzona.lt\/ru\/wp-json\/wp\/v2\/media\/430992"}],"wp:attachment":[{"href":"https:\/\/irankiuzona.lt\/ru\/wp-json\/wp\/v2\/media?parent=430990"}],"wp:term":[{"taxonomy":"product_cat","embeddable":true,"href":"https:\/\/irankiuzona.lt\/ru\/wp-json\/wp\/v2\/product_cat?post=430990"},{"taxonomy":"product_tag","embeddable":true,"href":"https:\/\/irankiuzona.lt\/ru\/wp-json\/wp\/v2\/product_tag?post=430990"}],"curies":[{"name":"wp","href":"https:\/\/api.w.org\/{rel}","templated":true}]}}