{"id":430993,"date":"2026-04-06T10:44:09","date_gmt":"2026-04-06T10:44:09","guid":{"rendered":"https:\/\/irankiuzona.lt\/product\/vairo-asies-traukes-galvute-eps-bmw-mercedes-2\/"},"modified":"2026-04-18T05:45:59","modified_gmt":"2026-04-18T05:45:59","slug":"vairo-asies-traukes-galvute-eps-bmw-mercedes-2","status":"publish","type":"product","link":"https:\/\/irankiuzona.lt\/ru\/product\/vairo-asies-traukes-galvute-eps-bmw-mercedes-2\/","title":{"rendered":"Vairo a\u0161ies trauk\u0117s galvut\u0117 (EPS) BMW, Mercedes"},"content":{"rendered":"<p>Pritaikymas: Elektrinio vairo mechanizmo \u0161onin\u0117s ver\u017el\u0117s montavimui \/ nu\u0117mimui arba reguliavimui. BMW: 1 serija (11-), 3 serija (12-), 4 serija (13-), X1 (15-), X3 (10-17) MERCEDES C klas\u0117 (14-), S klas\u0117 (14-)<\/p>","protected":false},"excerpt":{"rendered":"<p>3 kontakt\u0173 lizdas BMW\/MERCEDES vairo mechanizmui<\/p>","protected":false},"featured_media":430995,"comment_status":"open","ping_status":"open","template":"","meta":[],"product_cat":[9528],"product_tag":[11005],"class_list":{"0":"post-430993","1":"product","2":"type-product","3":"status-publish","4":"has-post-thumbnail","6":"product_brand-quatros-lenkija","7":"product_cat-vairo-traukiu-irankiai","8":"product_tag-quatros-lenkija","10":"first","11":"instock","12":"purchasable","13":"product-type-simple"},"jetpack_sharing_enabled":true,"_links":{"self":[{"href":"https:\/\/irankiuzona.lt\/ru\/wp-json\/wp\/v2\/product\/430993","targetHints":{"allow":["GET"]}}],"collection":[{"href":"https:\/\/irankiuzona.lt\/ru\/wp-json\/wp\/v2\/product"}],"about":[{"href":"https:\/\/irankiuzona.lt\/ru\/wp-json\/wp\/v2\/types\/product"}],"replies":[{"embeddable":true,"href":"https:\/\/irankiuzona.lt\/ru\/wp-json\/wp\/v2\/comments?post=430993"}],"version-history":[{"count":1,"href":"https:\/\/irankiuzona.lt\/ru\/wp-json\/wp\/v2\/product\/430993\/revisions"}],"predecessor-version":[{"id":430994,"href":"https:\/\/irankiuzona.lt\/ru\/wp-json\/wp\/v2\/product\/430993\/revisions\/430994"}],"wp:featuredmedia":[{"embeddable":true,"href":"https:\/\/irankiuzona.lt\/ru\/wp-json\/wp\/v2\/media\/430995"}],"wp:attachment":[{"href":"https:\/\/irankiuzona.lt\/ru\/wp-json\/wp\/v2\/media?parent=430993"}],"wp:term":[{"taxonomy":"product_cat","embeddable":true,"href":"https:\/\/irankiuzona.lt\/ru\/wp-json\/wp\/v2\/product_cat?post=430993"},{"taxonomy":"product_tag","embeddable":true,"href":"https:\/\/irankiuzona.lt\/ru\/wp-json\/wp\/v2\/product_tag?post=430993"}],"curies":[{"name":"wp","href":"https:\/\/api.w.org\/{rel}","templated":true}]}}