{"id":430996,"date":"2026-04-06T10:44:15","date_gmt":"2026-04-06T10:44:15","guid":{"rendered":"https:\/\/irankiuzona.lt\/product\/membrana-stabdziu-nuorinimo-prietaisui\/"},"modified":"2026-04-18T03:51:53","modified_gmt":"2026-04-18T03:51:53","slug":"membrana-stabdziu-nuorinimo-prietaisui","status":"publish","type":"product","link":"https:\/\/irankiuzona.lt\/ru\/product\/membrana-stabdziu-nuorinimo-prietaisui\/","title":{"rendered":"Membrana stabd\u017ei\u0173 nuorinimo prietaisui"},"content":{"rendered":"<p>Diafragma suderinama su QS16811 stabd\u017ei\u0173 skys\u010dio keitimo \u012ftaisu.<\/p>","protected":false},"excerpt":{"rendered":"<p>Stabd\u017ei\u0173 skys\u010dio keitimo \u012ftaiso diafragma<\/p>","protected":false},"featured_media":430998,"comment_status":"open","ping_status":"open","template":"","meta":[],"product_cat":[9534],"product_tag":[11005],"class_list":{"0":"post-430996","1":"product","2":"type-product","3":"status-publish","4":"has-post-thumbnail","6":"product_brand-quatros-lenkija","7":"product_cat-stabdziu-remonto-nuorinimo-irankiai","8":"product_tag-quatros-lenkija","10":"first","11":"instock","12":"purchasable","13":"product-type-simple"},"jetpack_sharing_enabled":true,"_links":{"self":[{"href":"https:\/\/irankiuzona.lt\/ru\/wp-json\/wp\/v2\/product\/430996","targetHints":{"allow":["GET"]}}],"collection":[{"href":"https:\/\/irankiuzona.lt\/ru\/wp-json\/wp\/v2\/product"}],"about":[{"href":"https:\/\/irankiuzona.lt\/ru\/wp-json\/wp\/v2\/types\/product"}],"replies":[{"embeddable":true,"href":"https:\/\/irankiuzona.lt\/ru\/wp-json\/wp\/v2\/comments?post=430996"}],"version-history":[{"count":1,"href":"https:\/\/irankiuzona.lt\/ru\/wp-json\/wp\/v2\/product\/430996\/revisions"}],"predecessor-version":[{"id":430997,"href":"https:\/\/irankiuzona.lt\/ru\/wp-json\/wp\/v2\/product\/430996\/revisions\/430997"}],"wp:featuredmedia":[{"embeddable":true,"href":"https:\/\/irankiuzona.lt\/ru\/wp-json\/wp\/v2\/media\/430998"}],"wp:attachment":[{"href":"https:\/\/irankiuzona.lt\/ru\/wp-json\/wp\/v2\/media?parent=430996"}],"wp:term":[{"taxonomy":"product_cat","embeddable":true,"href":"https:\/\/irankiuzona.lt\/ru\/wp-json\/wp\/v2\/product_cat?post=430996"},{"taxonomy":"product_tag","embeddable":true,"href":"https:\/\/irankiuzona.lt\/ru\/wp-json\/wp\/v2\/product_tag?post=430996"}],"curies":[{"name":"wp","href":"https:\/\/api.w.org\/{rel}","templated":true}]}}