{"id":430999,"date":"2026-04-06T10:44:21","date_gmt":"2026-04-06T10:44:21","guid":{"rendered":"https:\/\/irankiuzona.lt\/product\/irankis-auksto-spaudimo-siurblio-mercedes-1-6-2-0\/"},"modified":"2026-04-18T02:02:21","modified_gmt":"2026-04-18T02:02:21","slug":"irankis-auksto-spaudimo-siurblio-mercedes-1-6-2-0","status":"publish","type":"product","link":"https:\/\/irankiuzona.lt\/ru\/product\/irankis-auksto-spaudimo-siurblio-mercedes-1-6-2-0\/","title":{"rendered":"\u012erankis auk\u0161to spaudimo siurblio MERCEDES 1.6\/2.0"},"content":{"rendered":"<p>Leid\u017eia saugiai u\u017efiksuoti siurblio krumpliarat\u012f i\u0161imant ir surenkant auk\u0161to sl\u0117gio siurbl\u012f \u201eMercedes\u201c automobiliuose:<br \/>\n A klas\u0117 (2019), B klas\u0117 (2019), C klas\u0117 (2018), CLA (2019), CLS (2018), E klas\u0117 (2016), GLB (2019), GLC kup\u0117 (2019), GLE (2019), V klas\u0117 (2019), Vito (2019).<br \/>\nVariklis: 1.6 \/ 2.0<br \/>\nVariklio kodai: 654.916 \/ 654.920 OEM: W654 589 0014 00<\/p>","protected":false},"excerpt":{"rendered":"<p>\u012erankis auk\u0161to sl\u0117gio siurblio MERCEDES 1.6 \/ 2.0 nu\u0117mimui<\/p>","protected":false},"featured_media":431001,"comment_status":"open","ping_status":"open","template":"","meta":[],"product_cat":[9863],"product_tag":[11005],"class_list":{"0":"post-430999","1":"product","2":"type-product","3":"status-publish","4":"has-post-thumbnail","6":"product_brand-quatros-lenkija","7":"product_cat-mercedes-benz-blokatoriai","8":"product_tag-quatros-lenkija","10":"first","11":"outofstock","12":"purchasable","13":"product-type-simple"},"jetpack_sharing_enabled":true,"_links":{"self":[{"href":"https:\/\/irankiuzona.lt\/ru\/wp-json\/wp\/v2\/product\/430999","targetHints":{"allow":["GET"]}}],"collection":[{"href":"https:\/\/irankiuzona.lt\/ru\/wp-json\/wp\/v2\/product"}],"about":[{"href":"https:\/\/irankiuzona.lt\/ru\/wp-json\/wp\/v2\/types\/product"}],"replies":[{"embeddable":true,"href":"https:\/\/irankiuzona.lt\/ru\/wp-json\/wp\/v2\/comments?post=430999"}],"version-history":[{"count":1,"href":"https:\/\/irankiuzona.lt\/ru\/wp-json\/wp\/v2\/product\/430999\/revisions"}],"predecessor-version":[{"id":431000,"href":"https:\/\/irankiuzona.lt\/ru\/wp-json\/wp\/v2\/product\/430999\/revisions\/431000"}],"wp:featuredmedia":[{"embeddable":true,"href":"https:\/\/irankiuzona.lt\/ru\/wp-json\/wp\/v2\/media\/431001"}],"wp:attachment":[{"href":"https:\/\/irankiuzona.lt\/ru\/wp-json\/wp\/v2\/media?parent=430999"}],"wp:term":[{"taxonomy":"product_cat","embeddable":true,"href":"https:\/\/irankiuzona.lt\/ru\/wp-json\/wp\/v2\/product_cat?post=430999"},{"taxonomy":"product_tag","embeddable":true,"href":"https:\/\/irankiuzona.lt\/ru\/wp-json\/wp\/v2\/product_tag?post=430999"}],"curies":[{"name":"wp","href":"https:\/\/api.w.org\/{rel}","templated":true}]}}