{"id":431002,"date":"2026-04-06T10:44:27","date_gmt":"2026-04-06T10:44:27","guid":{"rendered":"https:\/\/irankiuzona.lt\/product\/sepeciai-vieliniai-7vnt\/"},"modified":"2026-04-17T23:42:17","modified_gmt":"2026-04-17T23:42:17","slug":"sepeciai-vieliniai-7vnt","status":"publish","type":"product","link":"https:\/\/irankiuzona.lt\/ru\/product\/sepeciai-vieliniai-7vnt\/","title":{"rendered":"\u0160epe\u010diai vieliniai 7vnt"},"content":{"rendered":"<p>Rinkinio turinys:<br \/>\n 3 \u0161epe\u010diai: plieniniai\/\u017ealvariniai\/nailoniniai, ilgis 175 mm<br \/>\n3 \u0161epe\u010diai: plieniniai\/\u017ealvariniai\/nailoniniai, ilgis 255 mm<br \/>\n1 profiliuotas plieninis \u0161epetys<\/p>","protected":false},"excerpt":{"rendered":"<p>7 vielini\u0173 \u0161epe\u010di\u0173 rinkinys<\/p>","protected":false},"featured_media":431004,"comment_status":"open","ping_status":"open","template":"","meta":[],"product_cat":[10036],"product_tag":[11005],"class_list":{"0":"post-431002","1":"product","2":"type-product","3":"status-publish","4":"has-post-thumbnail","6":"product_brand-quatros-lenkija","7":"product_cat-irankiai-sveitimui","8":"product_tag-quatros-lenkija","10":"first","11":"instock","12":"purchasable","13":"product-type-simple"},"jetpack_sharing_enabled":true,"_links":{"self":[{"href":"https:\/\/irankiuzona.lt\/ru\/wp-json\/wp\/v2\/product\/431002","targetHints":{"allow":["GET"]}}],"collection":[{"href":"https:\/\/irankiuzona.lt\/ru\/wp-json\/wp\/v2\/product"}],"about":[{"href":"https:\/\/irankiuzona.lt\/ru\/wp-json\/wp\/v2\/types\/product"}],"replies":[{"embeddable":true,"href":"https:\/\/irankiuzona.lt\/ru\/wp-json\/wp\/v2\/comments?post=431002"}],"version-history":[{"count":1,"href":"https:\/\/irankiuzona.lt\/ru\/wp-json\/wp\/v2\/product\/431002\/revisions"}],"predecessor-version":[{"id":431003,"href":"https:\/\/irankiuzona.lt\/ru\/wp-json\/wp\/v2\/product\/431002\/revisions\/431003"}],"wp:featuredmedia":[{"embeddable":true,"href":"https:\/\/irankiuzona.lt\/ru\/wp-json\/wp\/v2\/media\/431004"}],"wp:attachment":[{"href":"https:\/\/irankiuzona.lt\/ru\/wp-json\/wp\/v2\/media?parent=431002"}],"wp:term":[{"taxonomy":"product_cat","embeddable":true,"href":"https:\/\/irankiuzona.lt\/ru\/wp-json\/wp\/v2\/product_cat?post=431002"},{"taxonomy":"product_tag","embeddable":true,"href":"https:\/\/irankiuzona.lt\/ru\/wp-json\/wp\/v2\/product_tag?post=431002"}],"curies":[{"name":"wp","href":"https:\/\/api.w.org\/{rel}","templated":true}]}}