{"id":431008,"date":"2026-04-06T10:44:37","date_gmt":"2026-04-06T10:44:37","guid":{"rendered":"https:\/\/irankiuzona.lt\/product\/greiciu-deziu-atf-tepalo-pildymo-adapteriai-13daliu\/"},"modified":"2026-04-17T21:12:34","modified_gmt":"2026-04-17T21:12:34","slug":"greiciu-deziu-atf-tepalo-pildymo-adapteriai-13daliu","status":"publish","type":"product","link":"https:\/\/irankiuzona.lt\/ru\/product\/greiciu-deziu-atf-tepalo-pildymo-adapteriai-13daliu\/","title":{"rendered":"Grei\u010di\u0173 d\u0117\u017ei\u0173 ATF tepalo pildymo adapteriai 13daliu"},"content":{"rendered":"<p>Adapteri\u0173 rinkinys:<br \/>\n&#8211; ATF101 (1\/8\u201d-27)\u2013 FORD<br \/>\n&#8211; ATF102\u2013 Universalus (\u012fskaitant BMW, NISSAN, HONDA)<br \/>\n&#8211; ATF103 \u2013 VW, AUDI, SKODA<br \/>\n&#8211; ATF104 \u2013 PORSCHE, VW, AUDI<br \/>\n&#8211; ATF105 (M10x1.0) \u2013 VW, AUDI, MINI COOPER<br \/>\n&#8211; ATF106 (M24x1.5) \u2013 VW, AUDI (DSG)<br \/>\n&#8211; ATF107 (M22x1.5) \u2013 VW, AUDI (CVT)<br \/>\n&#8211; ATF108 (M18x1.5) \u2013 VW, SKODA<br \/>\n&#8211; ATF109 (M12x1.5) \u2013 MERCEDES-BENZ 722.9, ALTIS 2010<br \/>\n&#8211; ATF110 (M30x1.5) \u2013 VW, AUDI, SKODA<br \/>\n&#8211; ATF111 \u2013 Universalus (\u012fskaitant HONDA, KIA, HYUNDAI)<br \/>\n&#8211; ATF112 (M8x1.0) \u2013 NISSAN, INFINITY<br \/>\n&#8211; ATF113 (M18x1.5) \u2013 TOYOTA, LEXUS<\/p>","protected":false},"excerpt":{"rendered":"<p>Adapteri\u0173 rinkinys automatin\u0117s pavar\u0173 d\u0117\u017e\u0117s alyvos keitimui<\/p>","protected":false},"featured_media":431010,"comment_status":"open","ping_status":"open","template":"","meta":[],"product_cat":[10031],"product_tag":[11005],"class_list":{"0":"post-431008","1":"product","2":"type-product","3":"status-publish","4":"has-post-thumbnail","6":"product_brand-quatros-lenkija","7":"product_cat-tepalo-uzpildymo-surinkimo-iranga-talpos-tepalams","8":"product_tag-quatros-lenkija","10":"first","11":"instock","12":"purchasable","13":"product-type-simple"},"jetpack_sharing_enabled":true,"_links":{"self":[{"href":"https:\/\/irankiuzona.lt\/ru\/wp-json\/wp\/v2\/product\/431008","targetHints":{"allow":["GET"]}}],"collection":[{"href":"https:\/\/irankiuzona.lt\/ru\/wp-json\/wp\/v2\/product"}],"about":[{"href":"https:\/\/irankiuzona.lt\/ru\/wp-json\/wp\/v2\/types\/product"}],"replies":[{"embeddable":true,"href":"https:\/\/irankiuzona.lt\/ru\/wp-json\/wp\/v2\/comments?post=431008"}],"version-history":[{"count":1,"href":"https:\/\/irankiuzona.lt\/ru\/wp-json\/wp\/v2\/product\/431008\/revisions"}],"predecessor-version":[{"id":431009,"href":"https:\/\/irankiuzona.lt\/ru\/wp-json\/wp\/v2\/product\/431008\/revisions\/431009"}],"wp:featuredmedia":[{"embeddable":true,"href":"https:\/\/irankiuzona.lt\/ru\/wp-json\/wp\/v2\/media\/431010"}],"wp:attachment":[{"href":"https:\/\/irankiuzona.lt\/ru\/wp-json\/wp\/v2\/media?parent=431008"}],"wp:term":[{"taxonomy":"product_cat","embeddable":true,"href":"https:\/\/irankiuzona.lt\/ru\/wp-json\/wp\/v2\/product_cat?post=431008"},{"taxonomy":"product_tag","embeddable":true,"href":"https:\/\/irankiuzona.lt\/ru\/wp-json\/wp\/v2\/product_tag?post=431008"}],"curies":[{"name":"wp","href":"https:\/\/api.w.org\/{rel}","templated":true}]}}