{"id":431011,"date":"2026-04-06T10:44:43","date_gmt":"2026-04-06T10:44:43","guid":{"rendered":"https:\/\/irankiuzona.lt\/product\/galvutes-5-kampu-epr-torx-plus-16vnt\/"},"modified":"2026-04-17T19:33:23","modified_gmt":"2026-04-17T19:33:23","slug":"galvutes-5-kampu-epr-torx-plus-16vnt","status":"publish","type":"product","link":"https:\/\/irankiuzona.lt\/ru\/product\/galvutes-5-kampu-epr-torx-plus-16vnt\/","title":{"rendered":"Galvut\u0117s 5-kamp\u0173 EPR TORX PLUS 16vnt."},"content":{"rendered":"<p>EPR E-TORX 5 ta\u0161k\u0173 galvu\u010di\u0173 rinkinys, kurio dyd\u017eiai yra nuo 6 EPR iki 32 EPR.<br \/>\nNaudojamas TESLA automobiliuose bamperi\u0173 tvirtinimams (12EPR), pakabos komponentams (12EPR), pavaros bloko tvirtinimams (14EPR), akumuliatoriaus tvirtinimams (16EPR) ir 2020 m. FORD Shelby GT500, skirtam \u201eBrembo\u201c stabd\u017ei\u0173 sistemai.<br \/>\nRinkinio sud\u0117tis:<br \/>\n&#8211; 1\/4 colio galvut\u0117s, ilgis 25 mm: 6EPR, 7EPR, 8EPR, 10EPR ir 11EPR<br \/>\n&#8211; 3\/8 colio galvut\u0117s, ilgis 37 mm: 12EPR, 14EPR, 16EPR, 18EPR ir 20EPR<br \/>\n&#8211; 1\/2 colio galvut\u0117s, ilgis 45 mm: 22EPR, 24EPR, 26EPR, 28EPR, 30EPR ir 32EPR<\/p>","protected":false},"excerpt":{"rendered":"<p>16 EPR TORX PLUS 5 ta\u0161k\u0173 galvu\u010di\u0173 rinkinys, 6 EPR-32 EPR<\/p>","protected":false},"featured_media":431013,"comment_status":"open","ping_status":"open","template":"","meta":[],"product_cat":[9941],"product_tag":[11005],"class_list":{"0":"post-431011","1":"product","2":"type-product","3":"status-publish","4":"has-post-thumbnail","6":"product_brand-quatros-lenkija","7":"product_cat-galvuciu-komplektai-e-profil-torx","8":"product_tag-quatros-lenkija","10":"first","11":"instock","12":"purchasable","13":"product-type-simple"},"jetpack_sharing_enabled":true,"_links":{"self":[{"href":"https:\/\/irankiuzona.lt\/ru\/wp-json\/wp\/v2\/product\/431011","targetHints":{"allow":["GET"]}}],"collection":[{"href":"https:\/\/irankiuzona.lt\/ru\/wp-json\/wp\/v2\/product"}],"about":[{"href":"https:\/\/irankiuzona.lt\/ru\/wp-json\/wp\/v2\/types\/product"}],"replies":[{"embeddable":true,"href":"https:\/\/irankiuzona.lt\/ru\/wp-json\/wp\/v2\/comments?post=431011"}],"version-history":[{"count":1,"href":"https:\/\/irankiuzona.lt\/ru\/wp-json\/wp\/v2\/product\/431011\/revisions"}],"predecessor-version":[{"id":431012,"href":"https:\/\/irankiuzona.lt\/ru\/wp-json\/wp\/v2\/product\/431011\/revisions\/431012"}],"wp:featuredmedia":[{"embeddable":true,"href":"https:\/\/irankiuzona.lt\/ru\/wp-json\/wp\/v2\/media\/431013"}],"wp:attachment":[{"href":"https:\/\/irankiuzona.lt\/ru\/wp-json\/wp\/v2\/media?parent=431011"}],"wp:term":[{"taxonomy":"product_cat","embeddable":true,"href":"https:\/\/irankiuzona.lt\/ru\/wp-json\/wp\/v2\/product_cat?post=431011"},{"taxonomy":"product_tag","embeddable":true,"href":"https:\/\/irankiuzona.lt\/ru\/wp-json\/wp\/v2\/product_tag?post=431011"}],"curies":[{"name":"wp","href":"https:\/\/api.w.org\/{rel}","templated":true}]}}