{"id":431014,"date":"2026-04-06T10:44:50","date_gmt":"2026-04-06T10:44:50","guid":{"rendered":"https:\/\/irankiuzona.lt\/product\/raktas-suportams-su-kairiniu-sriegiu\/"},"modified":"2026-04-17T17:38:03","modified_gmt":"2026-04-17T17:38:03","slug":"raktas-suportams-su-kairiniu-sriegiu","status":"publish","type":"product","link":"https:\/\/irankiuzona.lt\/ru\/product\/raktas-suportams-su-kairiniu-sriegiu\/","title":{"rendered":"Raktas suportams su kairiniu sriegiu"},"content":{"rendered":"","protected":false},"excerpt":{"rendered":"<p>Stabd\u017ei\u0173 st\u016bmoklio presas (kairysis sriegis)<\/p>","protected":false},"featured_media":431016,"comment_status":"open","ping_status":"open","template":"","meta":[],"product_cat":[9534],"product_tag":[11005],"class_list":{"0":"post-431014","1":"product","2":"type-product","3":"status-publish","4":"has-post-thumbnail","6":"product_brand-quatros-lenkija","7":"product_cat-stabdziu-remonto-nuorinimo-irankiai","8":"product_tag-quatros-lenkija","10":"first","11":"instock","12":"purchasable","13":"product-type-simple"},"jetpack_sharing_enabled":true,"_links":{"self":[{"href":"https:\/\/irankiuzona.lt\/ru\/wp-json\/wp\/v2\/product\/431014","targetHints":{"allow":["GET"]}}],"collection":[{"href":"https:\/\/irankiuzona.lt\/ru\/wp-json\/wp\/v2\/product"}],"about":[{"href":"https:\/\/irankiuzona.lt\/ru\/wp-json\/wp\/v2\/types\/product"}],"replies":[{"embeddable":true,"href":"https:\/\/irankiuzona.lt\/ru\/wp-json\/wp\/v2\/comments?post=431014"}],"version-history":[{"count":1,"href":"https:\/\/irankiuzona.lt\/ru\/wp-json\/wp\/v2\/product\/431014\/revisions"}],"predecessor-version":[{"id":431015,"href":"https:\/\/irankiuzona.lt\/ru\/wp-json\/wp\/v2\/product\/431014\/revisions\/431015"}],"wp:featuredmedia":[{"embeddable":true,"href":"https:\/\/irankiuzona.lt\/ru\/wp-json\/wp\/v2\/media\/431016"}],"wp:attachment":[{"href":"https:\/\/irankiuzona.lt\/ru\/wp-json\/wp\/v2\/media?parent=431014"}],"wp:term":[{"taxonomy":"product_cat","embeddable":true,"href":"https:\/\/irankiuzona.lt\/ru\/wp-json\/wp\/v2\/product_cat?post=431014"},{"taxonomy":"product_tag","embeddable":true,"href":"https:\/\/irankiuzona.lt\/ru\/wp-json\/wp\/v2\/product_tag?post=431014"}],"curies":[{"name":"wp","href":"https:\/\/api.w.org\/{rel}","templated":true}]}}