{"id":431017,"date":"2026-04-06T10:45:07","date_gmt":"2026-04-06T10:45:07","guid":{"rendered":"https:\/\/irankiuzona.lt\/product\/piltuvas-180mm-su-priedais\/"},"modified":"2026-04-17T15:46:49","modified_gmt":"2026-04-17T15:46:49","slug":"piltuvas-180mm-su-priedais","status":"publish","type":"product","link":"https:\/\/irankiuzona.lt\/ru\/product\/piltuvas-180mm-su-priedais\/","title":{"rendered":"Piltuvas 180mm su priedais"},"content":{"rendered":"<p>Specializuotas piltuv\u0117lis su pried\u0173 rinkiniu, skirtas au\u0161inimo sistemoms aptarnauti.<br \/>\n Da\u017eniausiai naudojamas transporto priemon\u0117se be au\u0161inimo skys\u010dio rezervuaro.<br \/>\nTvirtinamas tiesiai prie radiatoriaus angos, jis veikia kaip laikinas rezervuaras.<br \/>\nPlatus adapteri\u0173 asortimentas u\u017etikrina tvirt\u0105 tvirtinim\u0105 daugumoje transporto priemoni\u0173. Piltuv\u0117lio dangtelis leid\u017eia saugiai i\u0161leisti au\u0161inimo sistem\u0105.<br \/>\n Priver\u017eus integruot\u0105 dangtel\u012f, piltuv\u0117l\u012f galima nuimti nei\u0161pilant au\u0161inimo skys\u010dio, net jei jame vis dar yra au\u0161inimo skys\u010dio.<br \/>\nTechnin\u0117s specifikacijos:<br \/>\n &#8211; Skersmuo: 180 mm<br \/>\n&#8211; Auk\u0161tis: 195 mm<br \/>\nRinkinio turinys:<br \/>\n&#8211; 1 piltuv\u0117lis<br \/>\n&#8211; 1 T formos ranken\u0117l\u0117s dangtelis<br \/>\n&#8211; 1 dangtelis<br \/>\n&#8211; 4 u\u017epildymo adapteriai<br \/>\n&#8211; 4 au\u0161inimo sistemos adapteriai<br \/>\n&#8211; 2 45\u00b0 alk\u016bn\u0117s<br \/>\n&#8211; 1 prailginimas<\/p>","protected":false},"excerpt":{"rendered":"<p>Specializuotas piltuv\u0117lis au\u0161inimo sistemoms su priedais<\/p>","protected":false},"featured_media":431019,"comment_status":"open","ping_status":"open","template":"","meta":[],"product_cat":[9687],"product_tag":[11005],"class_list":{"0":"post-431017","1":"product","2":"type-product","3":"status-publish","4":"has-post-thumbnail","6":"product_brand-quatros-lenkija","7":"product_cat-indai-eksploataciniams-skysciams-piltuvai-tepalines","8":"product_tag-quatros-lenkija","10":"first","11":"instock","12":"purchasable","13":"product-type-simple"},"jetpack_sharing_enabled":true,"_links":{"self":[{"href":"https:\/\/irankiuzona.lt\/ru\/wp-json\/wp\/v2\/product\/431017","targetHints":{"allow":["GET"]}}],"collection":[{"href":"https:\/\/irankiuzona.lt\/ru\/wp-json\/wp\/v2\/product"}],"about":[{"href":"https:\/\/irankiuzona.lt\/ru\/wp-json\/wp\/v2\/types\/product"}],"replies":[{"embeddable":true,"href":"https:\/\/irankiuzona.lt\/ru\/wp-json\/wp\/v2\/comments?post=431017"}],"version-history":[{"count":1,"href":"https:\/\/irankiuzona.lt\/ru\/wp-json\/wp\/v2\/product\/431017\/revisions"}],"predecessor-version":[{"id":431018,"href":"https:\/\/irankiuzona.lt\/ru\/wp-json\/wp\/v2\/product\/431017\/revisions\/431018"}],"wp:featuredmedia":[{"embeddable":true,"href":"https:\/\/irankiuzona.lt\/ru\/wp-json\/wp\/v2\/media\/431019"}],"wp:attachment":[{"href":"https:\/\/irankiuzona.lt\/ru\/wp-json\/wp\/v2\/media?parent=431017"}],"wp:term":[{"taxonomy":"product_cat","embeddable":true,"href":"https:\/\/irankiuzona.lt\/ru\/wp-json\/wp\/v2\/product_cat?post=431017"},{"taxonomy":"product_tag","embeddable":true,"href":"https:\/\/irankiuzona.lt\/ru\/wp-json\/wp\/v2\/product_tag?post=431017"}],"curies":[{"name":"wp","href":"https:\/\/api.w.org\/{rel}","templated":true}]}}