{"id":431020,"date":"2026-04-06T10:45:20","date_gmt":"2026-04-06T10:45:20","guid":{"rendered":"https:\/\/irankiuzona.lt\/product\/vidiniu-guoliu-nuemejas-12-38mm-2\/"},"modified":"2026-04-17T12:00:57","modified_gmt":"2026-04-17T12:00:57","slug":"vidiniu-guoliu-nuemejas-12-38mm-2","status":"publish","type":"product","link":"https:\/\/irankiuzona.lt\/ru\/product\/vidiniu-guoliu-nuemejas-12-38mm-2\/","title":{"rendered":"Vidini\u0173 guoli\u0173 nu\u0117m\u0117jas 12-38mm"},"content":{"rendered":"<p>Naudojimas: Guoli\u0173, kuri\u0173 vidinis \u017eiedo skersmuo yra nuo 12 mm iki 38 mm, i\u0161montavimas.<\/p>","protected":false},"excerpt":{"rendered":"<p>Vidinis nu\u0117m\u0117jas 12\u201338 mm<\/p>","protected":false},"featured_media":431022,"comment_status":"open","ping_status":"open","template":"","meta":[],"product_cat":[9533],"product_tag":[11005],"class_list":{"0":"post-431020","1":"product","2":"type-product","3":"status-publish","4":"has-post-thumbnail","6":"product_brand-quatros-lenkija","7":"product_cat-vidiniu-guoliu-nuemejai-istraukejai","8":"product_tag-quatros-lenkija","10":"first","11":"instock","12":"purchasable","13":"product-type-simple"},"jetpack_sharing_enabled":true,"_links":{"self":[{"href":"https:\/\/irankiuzona.lt\/ru\/wp-json\/wp\/v2\/product\/431020","targetHints":{"allow":["GET"]}}],"collection":[{"href":"https:\/\/irankiuzona.lt\/ru\/wp-json\/wp\/v2\/product"}],"about":[{"href":"https:\/\/irankiuzona.lt\/ru\/wp-json\/wp\/v2\/types\/product"}],"replies":[{"embeddable":true,"href":"https:\/\/irankiuzona.lt\/ru\/wp-json\/wp\/v2\/comments?post=431020"}],"version-history":[{"count":1,"href":"https:\/\/irankiuzona.lt\/ru\/wp-json\/wp\/v2\/product\/431020\/revisions"}],"predecessor-version":[{"id":431021,"href":"https:\/\/irankiuzona.lt\/ru\/wp-json\/wp\/v2\/product\/431020\/revisions\/431021"}],"wp:featuredmedia":[{"embeddable":true,"href":"https:\/\/irankiuzona.lt\/ru\/wp-json\/wp\/v2\/media\/431022"}],"wp:attachment":[{"href":"https:\/\/irankiuzona.lt\/ru\/wp-json\/wp\/v2\/media?parent=431020"}],"wp:term":[{"taxonomy":"product_cat","embeddable":true,"href":"https:\/\/irankiuzona.lt\/ru\/wp-json\/wp\/v2\/product_cat?post=431020"},{"taxonomy":"product_tag","embeddable":true,"href":"https:\/\/irankiuzona.lt\/ru\/wp-json\/wp\/v2\/product_tag?post=431020"}],"curies":[{"name":"wp","href":"https:\/\/api.w.org\/{rel}","templated":true}]}}