{"id":431023,"date":"2026-04-06T10:45:30","date_gmt":"2026-04-06T10:45:30","guid":{"rendered":"https:\/\/irankiuzona.lt\/product\/irankiai-volvo-1-5-benzinas\/"},"modified":"2026-04-17T15:46:49","modified_gmt":"2026-04-17T15:46:49","slug":"irankiai-volvo-1-5-benzinas","status":"publish","type":"product","link":"https:\/\/irankiuzona.lt\/ru\/product\/irankiai-volvo-1-5-benzinas\/","title":{"rendered":"\u012erankiai VOLVO 1.5 benzinas"},"content":{"rendered":"<p>Pritaikymas:<br \/>\n VOLVO: XC40 T2 (19-), XC40 T3 (18-), XC40 T4 Twin Engine (19-20), XC40 T5 Twin Engine (19-20), XC40 Recharge T5 (20-), XC40 Recharge PHEV (20-)<br \/>\n Variklis: 1.5 benzininis Variklio kodas: B3154T, B3154T2, B3154T4, B3154T5, B3154T9, B3154T7, B3154T10<br \/>\nRinkinio sud\u0117tis: <\/p>\n<p>&#8211; Smagra\u010dio fiksavimo \u012frankis (3 dalys) | OEM: 999 7690, 999 7697 &#8211;<br \/>\nAlk\u016bninio veleno pad\u0117ties nustatymo kai\u0161tis | OEM: 999 7676 &#8211;<br \/>\nSkirstomojo veleno \u017evaigriovelio pad\u0117ties nustatymo ir fiksavimo \u012frankis | OEM: 999 7675 &#8211;<br \/>\nSkirstomojo veleno fiksavimo \u012frankis | OEM: 999 7674 &#8211; Paskirstymo dir\u017eo fiksavimo \u012frankis<\/p>","protected":false},"excerpt":{"rendered":"<p>Reguliavimo \u012franki\u0173 rinkinys VOLVO 1.5 benzininis<\/p>","protected":false},"featured_media":431025,"comment_status":"open","ping_status":"open","template":"","meta":[],"product_cat":[9702],"product_tag":[11005],"class_list":{"0":"post-431023","1":"product","2":"type-product","3":"status-publish","4":"has-post-thumbnail","6":"product_brand-quatros-lenkija","7":"product_cat-ford-volvo-mazda-blokatoriai","8":"product_tag-quatros-lenkija","10":"first","11":"outofstock","12":"purchasable","13":"product-type-simple"},"jetpack_sharing_enabled":true,"_links":{"self":[{"href":"https:\/\/irankiuzona.lt\/ru\/wp-json\/wp\/v2\/product\/431023","targetHints":{"allow":["GET"]}}],"collection":[{"href":"https:\/\/irankiuzona.lt\/ru\/wp-json\/wp\/v2\/product"}],"about":[{"href":"https:\/\/irankiuzona.lt\/ru\/wp-json\/wp\/v2\/types\/product"}],"replies":[{"embeddable":true,"href":"https:\/\/irankiuzona.lt\/ru\/wp-json\/wp\/v2\/comments?post=431023"}],"version-history":[{"count":1,"href":"https:\/\/irankiuzona.lt\/ru\/wp-json\/wp\/v2\/product\/431023\/revisions"}],"predecessor-version":[{"id":431024,"href":"https:\/\/irankiuzona.lt\/ru\/wp-json\/wp\/v2\/product\/431023\/revisions\/431024"}],"wp:featuredmedia":[{"embeddable":true,"href":"https:\/\/irankiuzona.lt\/ru\/wp-json\/wp\/v2\/media\/431025"}],"wp:attachment":[{"href":"https:\/\/irankiuzona.lt\/ru\/wp-json\/wp\/v2\/media?parent=431023"}],"wp:term":[{"taxonomy":"product_cat","embeddable":true,"href":"https:\/\/irankiuzona.lt\/ru\/wp-json\/wp\/v2\/product_cat?post=431023"},{"taxonomy":"product_tag","embeddable":true,"href":"https:\/\/irankiuzona.lt\/ru\/wp-json\/wp\/v2\/product_tag?post=431023"}],"curies":[{"name":"wp","href":"https:\/\/api.w.org\/{rel}","templated":true}]}}