{"id":431032,"date":"2026-04-06T10:45:46","date_gmt":"2026-04-06T10:45:46","guid":{"rendered":"https:\/\/irankiuzona.lt\/product\/raktai-kardaniniai-8-19mm\/"},"modified":"2026-04-06T18:42:32","modified_gmt":"2026-04-06T18:42:32","slug":"raktai-kardaniniai-8-19mm","status":"publish","type":"product","link":"https:\/\/irankiuzona.lt\/ru\/product\/raktai-kardaniniai-8-19mm\/","title":{"rendered":"Raktai kardaniniai 8-19mm"},"content":{"rendered":"<p>8\u00d7910\u00d71112\u00d71314\u00d71516\u00d71718\u00d719<\/p>","protected":false},"excerpt":{"rendered":"<p>12 ta\u0161k\u0173 lizdiniai raktai, 8\u201319 dyd\u017eiai<\/p>","protected":false},"featured_media":431034,"comment_status":"open","ping_status":"open","template":"","meta":[],"product_cat":[9607],"product_tag":[10131],"class_list":{"0":"post-431032","1":"product","2":"type-product","3":"status-publish","4":"has-post-thumbnail","6":"product_brand-asta-lenkija","7":"product_cat-raktai-vartomu-galu-ju-komplektai","8":"product_tag-asta-lenkija","10":"first","11":"instock","12":"purchasable","13":"product-type-simple"},"jetpack_sharing_enabled":true,"_links":{"self":[{"href":"https:\/\/irankiuzona.lt\/ru\/wp-json\/wp\/v2\/product\/431032","targetHints":{"allow":["GET"]}}],"collection":[{"href":"https:\/\/irankiuzona.lt\/ru\/wp-json\/wp\/v2\/product"}],"about":[{"href":"https:\/\/irankiuzona.lt\/ru\/wp-json\/wp\/v2\/types\/product"}],"replies":[{"embeddable":true,"href":"https:\/\/irankiuzona.lt\/ru\/wp-json\/wp\/v2\/comments?post=431032"}],"version-history":[{"count":0,"href":"https:\/\/irankiuzona.lt\/ru\/wp-json\/wp\/v2\/product\/431032\/revisions"}],"wp:featuredmedia":[{"embeddable":true,"href":"https:\/\/irankiuzona.lt\/ru\/wp-json\/wp\/v2\/media\/431034"}],"wp:attachment":[{"href":"https:\/\/irankiuzona.lt\/ru\/wp-json\/wp\/v2\/media?parent=431032"}],"wp:term":[{"taxonomy":"product_cat","embeddable":true,"href":"https:\/\/irankiuzona.lt\/ru\/wp-json\/wp\/v2\/product_cat?post=431032"},{"taxonomy":"product_tag","embeddable":true,"href":"https:\/\/irankiuzona.lt\/ru\/wp-json\/wp\/v2\/product_tag?post=431032"}],"curies":[{"name":"wp","href":"https:\/\/api.w.org\/{rel}","templated":true}]}}