{"id":431038,"date":"2026-04-06T10:46:27","date_gmt":"2026-04-06T10:46:27","guid":{"rendered":"https:\/\/irankiuzona.lt\/product\/suvirinimo-aparatas-mig-mma-tig-lift-igbt-type\/"},"modified":"2026-04-15T16:09:22","modified_gmt":"2026-04-15T16:09:22","slug":"suvirinimo-aparatas-mig-mma-tig-lift-igbt-type","status":"publish","type":"product","link":"https:\/\/irankiuzona.lt\/ru\/product\/suvirinimo-aparatas-mig-mma-tig-lift-igbt-type\/","title":{"rendered":"Suvirinimo aparatas MIG\/MMA\/TIG LIFT (IGBT type)"},"content":{"rendered":"<p>Trifazis IGBT inverterinis suvirinimo aparatas, skirtas MIG\/MMA\/TIG LIFT suvirinimui, yra galingas ir patikimas \u012frenginys, idealiai tinkantis \u012fvairiems suvirinimo darbams.<br \/>\n\u0160is \u012frenginys si\u016blo plat\u0173 pritaikymo spektr\u0105, leid\u017eiant\u012f atlikti MIG suvirinim\u0105, MMA suvirinim\u0105 ir TIG Lift metod\u0105.<br \/>\n\u0160is kompakti\u0161kas, lengvas ir ne\u0161iojamas suvirinimo aparatas idealiai tinka \u012fvairiems darbams. Jame yra trifazis 50 Hz maitinimo \u0161altinis ir 85 % efektyvumo transformatorius.<br \/>\n\u0160io tipo suvirinimo aparatu sukurti suvirinimo si\u016bl\u0117s pasi\u017eymi auk\u0161\u010diausia kokybe.<br \/>\nDidesnis universalumas d\u0117l TIG suvirinimo metodo, kuris naudojamas suvirinant legiruot\u0105 plien\u0105 ir aliumin\u012f, bei MIG suvirinimo, kuris naudojamas \u012fvairi\u0173 tip\u0173 metalams suvirinti.<br \/>\nSkirtingai nuo transformatorini\u0173 suvirinimo aparat\u0173, jis sunaudoja ma\u017e\u0105 srov\u0119.<br \/>\n\u0160is suvirinimo aparatas taip pat yra lengvesnis ir efektyvesnis, tod\u0117l yra populiarus pasirinkimas profesionalams.<br \/>\nDu dideli ir du ma\u017ei guminiai pasukami ratukai u\u017etikrina puik\u0173 mobilum\u0105. Jame taip pat yra lentyna su guminiu \u012fd\u0117klu priedams laikyti ir galin\u0117 platforma CO2 balionui.<\/p>","protected":false},"excerpt":{"rendered":"<p>Skirtas MIG\/MMA\/TIG LIFT suvirinimui<\/p>","protected":false},"featured_media":431040,"comment_status":"open","ping_status":"open","template":"","meta":[],"product_cat":[11022],"product_tag":[10130],"class_list":{"0":"post-431038","1":"product","2":"type-product","3":"status-publish","4":"has-post-thumbnail","6":"product_brand-satra-lenkija","7":"product_cat-suvirinimo-aparatai","8":"product_tag-satra-lenkija","10":"first","11":"instock","12":"purchasable","13":"product-type-simple"},"jetpack_sharing_enabled":true,"_links":{"self":[{"href":"https:\/\/irankiuzona.lt\/ru\/wp-json\/wp\/v2\/product\/431038","targetHints":{"allow":["GET"]}}],"collection":[{"href":"https:\/\/irankiuzona.lt\/ru\/wp-json\/wp\/v2\/product"}],"about":[{"href":"https:\/\/irankiuzona.lt\/ru\/wp-json\/wp\/v2\/types\/product"}],"replies":[{"embeddable":true,"href":"https:\/\/irankiuzona.lt\/ru\/wp-json\/wp\/v2\/comments?post=431038"}],"version-history":[{"count":1,"href":"https:\/\/irankiuzona.lt\/ru\/wp-json\/wp\/v2\/product\/431038\/revisions"}],"predecessor-version":[{"id":431039,"href":"https:\/\/irankiuzona.lt\/ru\/wp-json\/wp\/v2\/product\/431038\/revisions\/431039"}],"wp:featuredmedia":[{"embeddable":true,"href":"https:\/\/irankiuzona.lt\/ru\/wp-json\/wp\/v2\/media\/431040"}],"wp:attachment":[{"href":"https:\/\/irankiuzona.lt\/ru\/wp-json\/wp\/v2\/media?parent=431038"}],"wp:term":[{"taxonomy":"product_cat","embeddable":true,"href":"https:\/\/irankiuzona.lt\/ru\/wp-json\/wp\/v2\/product_cat?post=431038"},{"taxonomy":"product_tag","embeddable":true,"href":"https:\/\/irankiuzona.lt\/ru\/wp-json\/wp\/v2\/product_tag?post=431038"}],"curies":[{"name":"wp","href":"https:\/\/api.w.org\/{rel}","templated":true}]}}