{"id":431044,"date":"2026-04-06T10:46:55","date_gmt":"2026-04-06T10:46:55","guid":{"rendered":"https:\/\/irankiuzona.lt\/product\/galiniu-sailenbloku-presavimo-ford-volvo\/"},"modified":"2026-04-15T13:38:42","modified_gmt":"2026-04-15T13:38:42","slug":"galiniu-sailenbloku-presavimo-ford-volvo","status":"publish","type":"product","link":"https:\/\/irankiuzona.lt\/ru\/product\/galiniu-sailenbloku-presavimo-ford-volvo\/","title":{"rendered":"Galini\u0173 sailenblok\u0173 presavimo  FORD\/VOLVO"},"content":{"rendered":"<p>Specializuotas SATRA rinkinys, skirtas nuimti galin\u0119 i\u0161ilgin\u0119 svirt\u012f FORD, VOLVO ir MAZDA automobiliuose, nereikalaujant i\u0161ardyti kit\u0173 komponent\u0173.<br \/>\nSiekiant maksimalaus efektyvumo, sutepkite sriegius ir guolius.<br \/>\nPaskirtis:<br \/>\nMAZDA: 3 BK (03-08) \/ 3 BL (09-) \/ PREMACY CREW\/CR3W (05-10) \/<br \/>\nAXELA (03-09) \/ 5 CR (05-10).<br \/>\nFORD: C-MAX CAP (03-07) \/<br \/>\nFOCUS I CAK (98-05) \/<br \/>\nKUGA CBV (08-) \/<br \/>\nFOCUS CB4 (08-11) \/<br \/>\nFOCUS II (04-08).<br \/>\nVOLVO: S40 II (04-) \/ V50 (04-) \/ C 30 (06-13) \/ C70 II Cabrio (06-13).<\/p>","protected":false},"excerpt":{"rendered":"<p>Galin\u0117s valdymo svirties \u012fvor\u0117s nu\u0117m\u0117jas, skirtas \u201eFord\u201c<\/p>","protected":false},"featured_media":431046,"comment_status":"open","ping_status":"open","template":"","meta":[],"product_cat":[9731],"product_tag":[10130],"class_list":{"0":"post-431044","1":"product","2":"type-product","3":"status-publish","4":"has-post-thumbnail","6":"product_brand-satra-lenkija","7":"product_cat-guoliu-sailentbloku-presavimo-irankiai","8":"product_tag-satra-lenkija","10":"first","11":"instock","12":"purchasable","13":"product-type-simple"},"jetpack_sharing_enabled":true,"_links":{"self":[{"href":"https:\/\/irankiuzona.lt\/ru\/wp-json\/wp\/v2\/product\/431044","targetHints":{"allow":["GET"]}}],"collection":[{"href":"https:\/\/irankiuzona.lt\/ru\/wp-json\/wp\/v2\/product"}],"about":[{"href":"https:\/\/irankiuzona.lt\/ru\/wp-json\/wp\/v2\/types\/product"}],"replies":[{"embeddable":true,"href":"https:\/\/irankiuzona.lt\/ru\/wp-json\/wp\/v2\/comments?post=431044"}],"version-history":[{"count":1,"href":"https:\/\/irankiuzona.lt\/ru\/wp-json\/wp\/v2\/product\/431044\/revisions"}],"predecessor-version":[{"id":431045,"href":"https:\/\/irankiuzona.lt\/ru\/wp-json\/wp\/v2\/product\/431044\/revisions\/431045"}],"wp:featuredmedia":[{"embeddable":true,"href":"https:\/\/irankiuzona.lt\/ru\/wp-json\/wp\/v2\/media\/431046"}],"wp:attachment":[{"href":"https:\/\/irankiuzona.lt\/ru\/wp-json\/wp\/v2\/media?parent=431044"}],"wp:term":[{"taxonomy":"product_cat","embeddable":true,"href":"https:\/\/irankiuzona.lt\/ru\/wp-json\/wp\/v2\/product_cat?post=431044"},{"taxonomy":"product_tag","embeddable":true,"href":"https:\/\/irankiuzona.lt\/ru\/wp-json\/wp\/v2\/product_tag?post=431044"}],"curies":[{"name":"wp","href":"https:\/\/api.w.org\/{rel}","templated":true}]}}