{"id":431047,"date":"2026-04-06T10:47:14","date_gmt":"2026-04-06T10:47:14","guid":{"rendered":"https:\/\/irankiuzona.lt\/product\/irankiai-suportu-sriegio-remontui\/"},"modified":"2026-04-11T21:02:23","modified_gmt":"2026-04-11T21:02:23","slug":"irankiai-suportu-sriegio-remontui","status":"publish","type":"product","link":"https:\/\/irankiuzona.lt\/ru\/product\/irankiai-suportu-sriegio-remontui\/","title":{"rendered":"\u012erankiai suport\u0173 sriegio remontui"},"content":{"rendered":"<p>Rinkinys stabd\u017ei\u0173 suport\u0173 tvirtinimo ir vidiniams sriegiams remontuoti ir atnaujinti.<br \/>\n\u012eeina: \u2013 8,8 mm gr\u0105\u017etas \u2013 M10 x 1,25 sriegiklis \u2013 10 M10 x 1,25 kreipiam\u0173j\u0173 var\u017et\u0173<br \/>\nTaikymo sritys: VW, Seat, Skoda, Ford, Opel<\/p>","protected":false},"excerpt":{"rendered":"<p>STABD\u017dI\u0172 SISTEMOS\u00a0 RINKINYS \u2013 UNIVERSALUS<\/p>","protected":false},"featured_media":431049,"comment_status":"open","ping_status":"open","template":"","meta":[],"product_cat":[9534],"product_tag":[10131],"class_list":{"0":"post-431047","1":"product","2":"type-product","3":"status-publish","4":"has-post-thumbnail","6":"product_brand-asta-lenkija","7":"product_cat-stabdziu-remonto-nuorinimo-irankiai","8":"product_tag-asta-lenkija","10":"first","11":"instock","12":"purchasable","13":"product-type-simple"},"jetpack_sharing_enabled":true,"_links":{"self":[{"href":"https:\/\/irankiuzona.lt\/ru\/wp-json\/wp\/v2\/product\/431047","targetHints":{"allow":["GET"]}}],"collection":[{"href":"https:\/\/irankiuzona.lt\/ru\/wp-json\/wp\/v2\/product"}],"about":[{"href":"https:\/\/irankiuzona.lt\/ru\/wp-json\/wp\/v2\/types\/product"}],"replies":[{"embeddable":true,"href":"https:\/\/irankiuzona.lt\/ru\/wp-json\/wp\/v2\/comments?post=431047"}],"version-history":[{"count":1,"href":"https:\/\/irankiuzona.lt\/ru\/wp-json\/wp\/v2\/product\/431047\/revisions"}],"predecessor-version":[{"id":431048,"href":"https:\/\/irankiuzona.lt\/ru\/wp-json\/wp\/v2\/product\/431047\/revisions\/431048"}],"wp:featuredmedia":[{"embeddable":true,"href":"https:\/\/irankiuzona.lt\/ru\/wp-json\/wp\/v2\/media\/431049"}],"wp:attachment":[{"href":"https:\/\/irankiuzona.lt\/ru\/wp-json\/wp\/v2\/media?parent=431047"}],"wp:term":[{"taxonomy":"product_cat","embeddable":true,"href":"https:\/\/irankiuzona.lt\/ru\/wp-json\/wp\/v2\/product_cat?post=431047"},{"taxonomy":"product_tag","embeddable":true,"href":"https:\/\/irankiuzona.lt\/ru\/wp-json\/wp\/v2\/product_tag?post=431047"}],"curies":[{"name":"wp","href":"https:\/\/api.w.org\/{rel}","templated":true}]}}