{"id":431050,"date":"2026-04-06T10:47:18","date_gmt":"2026-04-06T10:47:18","guid":{"rendered":"https:\/\/irankiuzona.lt\/product\/grandinine-gerve-2t-25m\/"},"modified":"2026-04-13T13:55:07","modified_gmt":"2026-04-13T13:55:07","slug":"grandinine-gerve-2t-25m","status":"publish","type":"product","link":"https:\/\/irankiuzona.lt\/ru\/product\/grandinine-gerve-2t-25m\/","title":{"rendered":"Grandinin\u0117 gerv\u0117 2t 2,5m"},"content":{"rendered":"<p>\u0160is grandininis keltuvas skirtas sunkiems ir dideliems komponentams perkelti gamybos linijose, skirstomuosiuose skyduose, sand\u0117liuose, dirbtuv\u0117se ir visur, kur keliami sunk\u016bs objektai. Naudojant tokio tipo \u012frank\u012f, darbas tampa lengvesnis ir saugesnis. \u0160velnus paleidimas Joki\u0173 tr\u016bk\u010diojim\u0173 paleid\u017eiant ar stabdant Didelis tikslumas veikiant Galima montuoti bet kur su savo kabliu Keliamoji galia: 2000 kg K\u0117limo auk\u0161tis: 2,5 m Bandymo apkrova: 3 tonos Atstumas tarp kabli\u0173: 444 mm Grandin\u0117s trauka esant pilnai apkrovai: 314 N<\/p>","protected":false},"excerpt":{"rendered":"<p>2T grandinin\u0117 gerv\u0117<\/p>","protected":false},"featured_media":431052,"comment_status":"open","ping_status":"open","template":"","meta":[],"product_cat":[9652],"product_tag":[10130],"class_list":{"0":"post-431050","1":"product","2":"type-product","3":"status-publish","4":"has-post-thumbnail","6":"product_brand-satra-lenkija","7":"product_cat-grandinines-lynines-gerves-juostines-traukes","8":"product_tag-satra-lenkija","10":"first","11":"instock","12":"purchasable","13":"product-type-simple"},"jetpack_sharing_enabled":true,"_links":{"self":[{"href":"https:\/\/irankiuzona.lt\/ru\/wp-json\/wp\/v2\/product\/431050","targetHints":{"allow":["GET"]}}],"collection":[{"href":"https:\/\/irankiuzona.lt\/ru\/wp-json\/wp\/v2\/product"}],"about":[{"href":"https:\/\/irankiuzona.lt\/ru\/wp-json\/wp\/v2\/types\/product"}],"replies":[{"embeddable":true,"href":"https:\/\/irankiuzona.lt\/ru\/wp-json\/wp\/v2\/comments?post=431050"}],"version-history":[{"count":1,"href":"https:\/\/irankiuzona.lt\/ru\/wp-json\/wp\/v2\/product\/431050\/revisions"}],"predecessor-version":[{"id":431051,"href":"https:\/\/irankiuzona.lt\/ru\/wp-json\/wp\/v2\/product\/431050\/revisions\/431051"}],"wp:featuredmedia":[{"embeddable":true,"href":"https:\/\/irankiuzona.lt\/ru\/wp-json\/wp\/v2\/media\/431052"}],"wp:attachment":[{"href":"https:\/\/irankiuzona.lt\/ru\/wp-json\/wp\/v2\/media?parent=431050"}],"wp:term":[{"taxonomy":"product_cat","embeddable":true,"href":"https:\/\/irankiuzona.lt\/ru\/wp-json\/wp\/v2\/product_cat?post=431050"},{"taxonomy":"product_tag","embeddable":true,"href":"https:\/\/irankiuzona.lt\/ru\/wp-json\/wp\/v2\/product_tag?post=431050"}],"curies":[{"name":"wp","href":"https:\/\/api.w.org\/{rel}","templated":true}]}}