{"id":431056,"date":"2026-04-06T10:47:48","date_gmt":"2026-04-06T10:47:48","guid":{"rendered":"https:\/\/irankiuzona.lt\/product\/ausinimo-skyscio-antifrizo-matuoklis\/"},"modified":"2026-04-16T14:57:48","modified_gmt":"2026-04-16T14:57:48","slug":"ausinimo-skyscio-antifrizo-matuoklis","status":"publish","type":"product","link":"https:\/\/irankiuzona.lt\/ru\/product\/ausinimo-skyscio-antifrizo-matuoklis\/","title":{"rendered":"Au\u0161inimo skys\u010dio\/antifrizo matuoklis"},"content":{"rendered":"<p>Naudodami tester\u012f galite nustatyti au\u0161inimo skys\u010dio u\u017e\u0161alimo ir virimo temperat\u016bras.<br \/>\nTai leid\u017eia steb\u0117ti au\u0161inimo skys\u010dio grynum\u0105 ir greitai reaguoti, jei aptinkama koki\u0173 nors pa\u017eeidim\u0173, pavyzd\u017eiui, per auk\u0161ta u\u017e\u0161alimo temperat\u016bra.<br \/>\nReguliariai tikrinant au\u0161inimo skys\u010dio lyg\u012f, sistema i\u0161lieka optimali.<br \/>\nTesterio naudojimas u\u017etikrins, kad j\u016bs\u0173 au\u0161inimo sistema i\u0161liks saugi tiek \u017eiem\u0105, tiek vasar\u0105.<br \/>\nPastaba:<br \/>\nNaudokite tik su etilenglikolio pagrindu pagamintais au\u0161inimo skys\u010diais!<\/p>","protected":false},"excerpt":{"rendered":"<p>AU\u0160INIMO SKYS\u010cIO TESTERIS<\/p>","protected":false},"featured_media":431058,"comment_status":"open","ping_status":"open","template":"","meta":[],"product_cat":[9563],"product_tag":[10131],"class_list":{"0":"post-431056","1":"product","2":"type-product","3":"status-publish","4":"has-post-thumbnail","6":"product_brand-asta-lenkija","7":"product_cat-irankiai-ausinimo-sistemai","8":"product_tag-asta-lenkija","10":"first","11":"instock","12":"purchasable","13":"product-type-simple"},"jetpack_sharing_enabled":true,"_links":{"self":[{"href":"https:\/\/irankiuzona.lt\/ru\/wp-json\/wp\/v2\/product\/431056","targetHints":{"allow":["GET"]}}],"collection":[{"href":"https:\/\/irankiuzona.lt\/ru\/wp-json\/wp\/v2\/product"}],"about":[{"href":"https:\/\/irankiuzona.lt\/ru\/wp-json\/wp\/v2\/types\/product"}],"replies":[{"embeddable":true,"href":"https:\/\/irankiuzona.lt\/ru\/wp-json\/wp\/v2\/comments?post=431056"}],"version-history":[{"count":1,"href":"https:\/\/irankiuzona.lt\/ru\/wp-json\/wp\/v2\/product\/431056\/revisions"}],"predecessor-version":[{"id":431057,"href":"https:\/\/irankiuzona.lt\/ru\/wp-json\/wp\/v2\/product\/431056\/revisions\/431057"}],"wp:featuredmedia":[{"embeddable":true,"href":"https:\/\/irankiuzona.lt\/ru\/wp-json\/wp\/v2\/media\/431058"}],"wp:attachment":[{"href":"https:\/\/irankiuzona.lt\/ru\/wp-json\/wp\/v2\/media?parent=431056"}],"wp:term":[{"taxonomy":"product_cat","embeddable":true,"href":"https:\/\/irankiuzona.lt\/ru\/wp-json\/wp\/v2\/product_cat?post=431056"},{"taxonomy":"product_tag","embeddable":true,"href":"https:\/\/irankiuzona.lt\/ru\/wp-json\/wp\/v2\/product_tag?post=431056"}],"curies":[{"name":"wp","href":"https:\/\/api.w.org\/{rel}","templated":true}]}}